{"id":3909,"date":"2026-02-09T11:15:19","date_gmt":"2026-02-09T10:15:19","guid":{"rendered":"https:\/\/www.reset-emotions.nl\/?page_id=3909"},"modified":"2026-03-05T15:02:03","modified_gmt":"2026-03-05T14:02:03","slug":"therapie-des-sels-de-dr-schussler-jin-shin-jyutsu-et-reset-via-les-doigts","status":"publish","type":"page","link":"https:\/\/www.reset-emotions.com\/fr\/therapie-des-sels-de-dr-schussler-jin-shin-jyutsu-et-reset-via-les-doigts\/","title":{"rendered":"Les Avis"},"content":{"rendered":"\n<p><strong>Avis sur le traitement Jin Shin Jyutsu, la th\u00e9rapie par les sels cellulaires de Dr Sch\u00fcssler et Reset par les doigts.<\/strong><\/p>\n\n\n\n<p><strong>Review Monique V  <strong>des Pays-Bas<\/strong><\/strong>,<strong>1-3-2026<\/strong><\/p>\n\n\n\n<p>Comme je m&rsquo;int\u00e9ressais depuis longtemps au <a href=\"https:\/\/www.reset-emotions.com\/fr\/jin-shin-jyutsu-lart-de-saider-soi-meme\/\" type=\"page\" id=\"3677\">Jin Shin Jyutsu,<\/a> j&rsquo;\u00e9tais curieux de savoir qui d&rsquo;autre s&rsquo;y int\u00e9ressait, et c&rsquo;est ainsi que je suis tomb\u00e9 sur le site de Marleen. Et quel plaisir de voir qu&rsquo;elle est \u00e9galement experte dans la connaissance des sels cellulaires du Dr Sch\u00fcssler. C&rsquo;\u00e9tait aussi ce que je recherchais et je l&rsquo;ai trouv\u00e9 chez Marleen. C&rsquo;est surtout la combinaison qui rend son travail int\u00e9ressant pour moi. C&rsquo;est pourquoi j&rsquo;ai pris contact avec Marleen Helena. Marleen semble \u00eatre une femme experte. La distance n&rsquo;\u00e9tait pas un probl\u00e8me. En effet, de nos jours, nous pouvons aller assez loin avec les vid\u00e9oconf\u00e9rences, donc un moment de contact entre les Pays-Bas et la France \u00e9tait id\u00e9al en ligne.<br>Son approche est claire, elle indique ce qu&rsquo;un client peut attendre et ce qu&rsquo;il doit faire pour se pr\u00e9parer. <\/p>\n\n\n<div class=\"wp-block-image\">\n<figure class=\"alignright size-large is-resized\"><img decoding=\"async\" width=\"1024\" height=\"768\" src=\"https:\/\/www.reset-emotions.com\/wp-content\/uploads\/2026\/03\/2-bloemen-1024x768.jpeg\" alt=\"accorder\" class=\"wp-image-4353\" style=\"width:385px;height:auto\"\/><figcaption class=\"wp-element-caption\">accorder<\/figcaption><\/figure>\n<\/div>\n\n\n<p>Un grand avantage est que nous pouvons rester en contact via WhatsApp, \u00e0 la fois par \u00e9crit et par appel vid\u00e9o. Marleen montre de l&rsquo;implication et demande r\u00e9guli\u00e8rement comment \u00e7a va et s&rsquo;il y a d\u00e9j\u00e0 des changements perceptibles gr\u00e2ce \u00e0 l&rsquo;utilisation des diff\u00e9rents sels Cell. De plus, elle n&rsquo;est pas le genre de personne qui fait semblant de tout savoir ; en cas d&rsquo;incertitude, elle indique qu&rsquo;elle consulte \u00e9galement ses coll\u00e8gues consultants pour l<a href=\"https:\/\/www.reset-emotions.com\/fr\/la-therapie-des-sels-schussler\/\" type=\"page\" id=\"3704\">es Sels de dr Sch\u00fcssler<\/a>. En r\u00e9sum\u00e9, une femme chaleureuse et impliqu\u00e9e avec une approche humaine et experte. Un atout suppl\u00e9mentaire est qu&rsquo;elle ma\u00eetrise les deux disciplines mentionn\u00e9es Monique V. des Pays-Bas.<\/p>\n\n\n\n<p><strong>Review Mari\u00ebtte 13-4-2023<\/strong><\/p>\n\n\n\n<p>Il y a environ 10 ans, j&rsquo;ai d\u00e9couvert Jin Shin Jyutsu pour la premi\u00e8re fois. Une amie \u00e9tait en visite, elle tient un cabinet de JSJ aux \u00c9tats-Unis. De sa part, j&rsquo;ai re\u00e7u des traitements et des conseils pour l&rsquo;auto-assistance. J&rsquo;ai consult\u00e9 Marleen parce que j&rsquo;avais une \u00e9paule gel\u00e9e et le besoin d&rsquo;un traitement en compl\u00e9ment de l&rsquo;auto-assistance. J&rsquo;y suis all\u00e9e trois fois et j&rsquo;ai trouv\u00e9 ses traitements tr\u00e8s agr\u00e9ables. Elle prend beaucoup de temps, \u00e9coute attentivement et d\u00e9termine soigneusement quel traitement convient le mieux. Les douleurs \u00e0 l&rsquo;\u00e9paule ont beaucoup diminu\u00e9 et gr\u00e2ce \u00e0 des instructions d\u00e9taill\u00e9es, je peux continuer les soins \u00e0 la maison. Le JSJ est merveilleux et je trouve que Marleen le fait vraiment tr\u00e8s bien&#8230;..<\/p>\n\n\n\n<p><\/p>\n\n\n\n<p>\u00c0 travers un article sur la r\u00e9flexologie des doigts, je suis arriv\u00e9 sur le site de Marleen. Les informations sur son site m&rsquo;ont plu et la distance jusqu&rsquo;\u00e0 son adresse n&rsquo;\u00e9tait pas trop grande. Tout d&rsquo;abord, elle a pris connaissance de ma situation personnelle et de mes probl\u00e8mes, puis elle m&rsquo;a familiaris\u00e9 avec les positions des doigts des techniques Jin Shin Jyutsu. Sur la base de son inventaire et de ses observations, elle a ensuite compos\u00e9 une combinaison de sels cellulaires de Sch\u00fcssler pour moi. Ensuite, elle m&rsquo;a appris comment, avec mes propres mains, je pouvais influencer positivement de nombreux processus corporels et mentaux gr\u00e2ce aux techniques Jin Shin Jyutsu. J&rsquo;ai \u00e9galement re\u00e7u des traitements de Marleen qui \u00e9taient \u00e0 la fois puissants et tr\u00e8s apaisants. Je l&rsquo;ai trouv\u00e9e comme une personne int\u00e8gre, aimable et empathique, avec beaucoup de connaissances dans son domaine.<\/p>\n\n\n\n<p>Je suis un homme de 76 ans et j&rsquo;ai beaucoup v\u00e9cu dans ma vie et j&rsquo;ai \u00e9galement cherch\u00e9 des solutions \u00e0 certains probl\u00e8mes. Certaines ont un peu aid\u00e9, mais c&rsquo;est la premi\u00e8re fois que je d\u00e9couvre une m\u00e9thode tout-en-un qui m&rsquo;aide r\u00e9ellement. Tant physiquement que mentalement, je suis devenu plus fort et les tremblements de mes mains ont consid\u00e9rablement diminu\u00e9, et cela apr\u00e8s une p\u00e9riode de moins de 3 mois. Je continue donc simplement avec le Jin Shin Jyutsu et les sels de Sch\u00fcssler. <strong>Hans Janssens 18-11-2019<\/strong><\/p>\n\n\n\n<p>Gr\u00e2ce au magazine Spiegelbeeld, j&rsquo;ai d\u00e9couvert le Jin Shin Jyutsu (JSJ), une m\u00e9thode pour restaurer et am\u00e9liorer sa propre sant\u00e9. Cela m&rsquo;a \u00e9norm\u00e9ment attir\u00e9 : faire circuler l&rsquo;\u00e9nergie cosmique \u00e0 travers le corps, le \u00ab flux \u00bb comme on le dit, via ses propres mains ou celles d&rsquo;un th\u00e9rapeute.<br>J&rsquo;avais vraiment envie de savoir s&rsquo;il \u00e9tait possible de trouver un th\u00e9rapeute comp\u00e9tent dans mon environnement. C&rsquo;est ainsi que j&rsquo;ai rencontr\u00e9 Marleen Persoon. Elle dispose de plusieurs disciplines, qui s&rsquo;harmonisent parfaitement entre elles. Elle m&rsquo;a trait\u00e9 avec le Jin Shin Jyutsu, compl\u00e9t\u00e9 par les sels cellulaires du Dr Sch\u00fcssler. On ressent vraiment l&rsquo;\u00e9nergie circuler sous ses mains, et ensuite \u00e0 la maison, on sent les effets r\u00e9parateurs, avec les sels cellulaires qui renforcent et soutiennent ensuite le traitement.<\/p>\n\n\n\n<p>Je suis enthousiaste \u00e0 propos de cette opportunit\u00e9 de promouvoir votre sant\u00e9 sans m\u00e9dication radicale.<br>C\u2019est une th\u00e9rapeute gentille, enthousiaste et serviable, qui fournit \u00e9galement des conseils et des directives pour l\u2019utilisation \u00e0 domicile afin de se traiter soi-m\u00eame, ce qui fonctionne tr\u00e8s bien, surtout si vous voulez s\u00e9rieusement travailler sur votre propre sant\u00e9.<br>Je suis heureux de l\u2019avoir trouv\u00e9e et je peux la recommander chaleureusement !<br>Foncez !<br><strong>Louise Saathof, 9 juillet 2019<\/strong><\/p>\n\n\n<h4>Venu de recevoir d&rsquo;une cliente reconnaissante du 4-4-2018<\/h4>\n<p><img decoding=\"async\" class=\"size-medium wp-image-1289 aligncenter\" src=\"http:\/\/www.reset-emotions.nl\/wp-content\/uploads\/2018\/04\/bloemen2-300x267.jpg\" alt=\"bloemen van een cli\u00ebnte\" width=\"300\" height=\"267\" \/><\/p>\n<h4>Avis : David Vervoort concernant un traitement Jin Shin Jyutsu en date du 24-11-2016<\/h4>\n<h4><strong>Attention, engagement, amour du m\u00e9tier et connaissance des affaires&#8230; &#8211; \u00e0 un moment donn\u00e9, j&rsquo;ai senti la douleur dispara\u00eetre comme neige au soleil &#8211; Merci Marleen, bon travail !<\/strong><\/h4>\n<p><strong>Avis :\u00a0Sophie Stenger, Ohlstadt, Allemagne juillet 2016<\/strong><\/p>\n<p>Je tiens \u00e0 remercier chaleureusement Mme Marleen Persoon pour ses soins et son attention bienveillante ainsi que pour le traitement Jin Shin Jyutsu pendant ma chimioth\u00e9rapie. Cordialement<\/p>\n<p><strong>R\u00e9action de Jolanda K. 29-06-2015<\/strong><\/p>\n<p><em>Je me sens vraiment tellement ensoleill\u00e9e apr\u00e8s ton traitement. Je me r\u00e9veille tr\u00e8s repos\u00e9e et je me l\u00e8ve simplement. Et cela malgr\u00e9 le fait que je sois physiquement tr\u00e8s occup\u00e9e, avec les pauses caf\u00e9 n\u00e9cessaires\u2026 incroyable. Tes mots gentils me donnent plus de force pour trouver et suivre mon propre chemin. Une couche de moi est \u00e0 nouveau tomb\u00e9e. Merci beaucoup.<\/em><\/p>\n<h4>\u00a0<strong><span style=\"color: #333333; font-family: 'Georgia','serif';\">Review: Geert-Jan Balvert, 4 juni 2015<\/span><\/strong><\/h4>\n<p>Au cours de ma s\u00e9ance avec Marleen, j&rsquo;ai ressenti qu&rsquo;elle est totalement dans son \u00e9l\u00e9ment en tant que coach. Son comportement est s\u00fbr et pr\u00e9cis. Elle m&rsquo;a pos\u00e9 les bonnes questions, a extrait de mes r\u00e9ponses ce qui \u00e9tait pertinent, et est rapidement arriv\u00e9e au c\u0153ur du probl\u00e8me. Elle a recherch\u00e9 et trouv\u00e9 l&rsquo;\u00e9motion primaire qui sous-tendait ma plainte. Avec sa voix agr\u00e9able, elle m&rsquo;a facilement amen\u00e9 \u00e0 visualiser certaines choses, ce qui correspond au d\u00e9roulement de la s\u00e9ance. En s&rsquo;appuyant sur un \u00e9l\u00e9ment qui avait \u00e9merg\u00e9 pendant la s\u00e9ance, elle a spontan\u00e9ment appliqu\u00e9 une m\u00e9ditation guid\u00e9e appropri\u00e9e. Apr\u00e8s la s\u00e9ance, \u00e0 ma grande surprise, j&rsquo;ai constat\u00e9 que ma plainte avait disparu.<\/p>\n<h4>Une impression reconnaissante<\/h4>\n<p>R\u00e9action d&rsquo;un client \u00e0 une s\u00e9ance de r\u00e9flexologie des mains. 5-5-2015<\/p>\n<p><img decoding=\"async\" class=\"alignnone size-medium wp-image-359\" src=\"http:\/\/www.reset-emotions.nl\/wp-content\/uploads\/2015\/05\/Een-dankbare-impressie-2-243x300.jpg\" alt=\"Een dankbare impressie 2\" width=\"243\" height=\"300\" srcset=\"https:\/\/www.reset-emotions.com\/wp-content\/uploads\/2015\/05\/Een-dankbare-impressie-2-243x300.jpg 243w, https:\/\/www.reset-emotions.com\/wp-content\/uploads\/2015\/05\/Een-dankbare-impressie-2.jpg 637w\" sizes=\"(max-width: 243px) 100vw, 243px\" \/><\/p>\n<h4>Avis: Ria Dekkers Dorgelo. 19-4-2015<\/h4>\n<blockquote>\n<p>Bonjour Marleen, d\u00e9but avril, j&rsquo;ai re\u00e7u de ta part une s\u00e9ance de r\u00e9flexologie des mains. J&rsquo;en suis encore tr\u00e8s satisfaite \u00e0 ce jour. L&rsquo;entretien initial s&rsquo;est tr\u00e8s bien pass\u00e9, clair, compr\u00e9hensible et s\u00e9rieux. Nous avons fait ensemble des d\u00e9couvertes surprenantes. Le traitement avec ma main et mes doigts \u00e9tait tr\u00e8s agr\u00e9able. Tu m&rsquo;as expliqu\u00e9 que l&rsquo;on pouvait ressentir le pass\u00e9 dans le majeur droit et que la main gauche concerne l&rsquo;avenir. Passionnant ! Gr\u00e2ce \u00e0 une certaine technique, tu m&rsquo;as aid\u00e9e \u00e0 surmonter un traumatisme du pass\u00e9. Vraiment g\u00e9nial&#8230;!! Tu as \u00e9galement \u00e9t\u00e9 tr\u00e8s comp\u00e9tente face \u00e0 mes probl\u00e8mes d&rsquo;\u00e9quilibre. Nous poursuivrons cela lors de la prochaine fois. L&rsquo;eau en verre \u00e0 c\u00f4t\u00e9 du th\u00e9 m&rsquo;a vraiment \u00e9t\u00e9 n\u00e9cessaire :). Merci beaucoup pour cette s\u00e9ance. J&rsquo;attends avec beaucoup de plaisir le prochain traitement. \u00c0 bient\u00f4t, Ria Dekkers.<\/p>\n<\/blockquote>\n\n\n<blockquote class=\"wp-block-quote is-layout-flow wp-block-quote-is-layout-flow\">\n<p><\/p>\n<\/blockquote>\n","protected":false},"excerpt":{"rendered":"<p>Avis sur le traitement Jin Shin Jyutsu, la th\u00e9rapie par les sels cellulaires de Dr Sch\u00fcssler et Reset par les doigts. Review Monique V des Pays-Bas,1-3-2026 Comme je m&rsquo;int\u00e9ressais depuis longtemps au Jin Shin Jyutsu, j&rsquo;\u00e9tais curieux de savoir qui d&rsquo;autre s&rsquo;y int\u00e9ressait, et c&rsquo;est ainsi que je suis tomb\u00e9 sur le site de Marleen. <a class=\"read-more\" href=\"https:\/\/www.reset-emotions.com\/fr\/therapie-des-sels-de-dr-schussler-jin-shin-jyutsu-et-reset-via-les-doigts\/\">(Lees verder)<\/a><\/p>\n","protected":false},"author":2,"featured_media":0,"parent":0,"menu_order":0,"comment_status":"closed","ping_status":"closed","template":"","meta":{"_genesis_hide_title":false,"_genesis_hide_breadcrumbs":false,"_genesis_hide_singular_image":false,"_genesis_hide_footer_widgets":false,"_genesis_custom_body_class":"","_genesis_custom_post_class":"","_genesis_layout":"","footnotes":""},"class_list":{"0":"post-3909","1":"page","2":"type-page","3":"status-publish","5":"entry","6":"has-post-thumbnail"},"yoast_head":"<!-- This site is optimized with the Yoast SEO plugin v27.4 - https:\/\/yoast.com\/product\/yoast-seo-wordpress\/ -->\n<title>Les Avis - Reset Emotions<\/title>\n<meta name=\"description\" content=\"Avis Jin Shin Jyutsu, th\u00e9rapie des sels cellulaire de Dr Sch\u00fcssler et Reset via les Doigts. Attention, engagement et comp\u00e9tence. Tr\u00e8s bien possible via appel vid\u00e9o.\" \/>\n<meta name=\"robots\" content=\"index, follow, max-snippet:-1, max-image-preview:large, max-video-preview:-1\" \/>\n<link rel=\"canonical\" href=\"https:\/\/www.reset-emotions.com\/fr\/therapie-des-sels-de-dr-schussler-jin-shin-jyutsu-et-reset-via-les-doigts\/\" \/>\n<meta property=\"og:locale\" content=\"fr_FR\" \/>\n<meta property=\"og:type\" content=\"article\" \/>\n<meta property=\"og:title\" content=\"Les Avis - Reset Emotions\" \/>\n<meta property=\"og:description\" content=\"Avis Jin Shin Jyutsu, th\u00e9rapie des sels cellulaire de Dr Sch\u00fcssler et Reset via les Doigts. Attention, engagement et comp\u00e9tence. Tr\u00e8s bien possible via appel vid\u00e9o.\" \/>\n<meta property=\"og:url\" content=\"https:\/\/www.reset-emotions.com\/fr\/therapie-des-sels-de-dr-schussler-jin-shin-jyutsu-et-reset-via-les-doigts\/\" \/>\n<meta property=\"og:site_name\" content=\"Reset Emotions\" \/>\n<meta property=\"article:modified_time\" content=\"2026-03-05T14:02:03+00:00\" \/>\n<meta property=\"og:image\" content=\"https:\/\/www.reset-emotions.com\/wp-content\/uploads\/2026\/03\/2-bloemen-1024x768.jpeg\" \/>\n<meta name=\"twitter:label1\" content=\"Dur\u00e9e de lecture estim\u00e9e\" \/>\n\t<meta name=\"twitter:data1\" content=\"7 minutes\" \/>\n<script type=\"application\/ld+json\" class=\"yoast-schema-graph\">{\"@context\":\"https:\\\/\\\/schema.org\",\"@graph\":[{\"@type\":\"WebPage\",\"@id\":\"https:\\\/\\\/www.reset-emotions.com\\\/fr\\\/therapie-des-sels-de-dr-schussler-jin-shin-jyutsu-et-reset-via-les-doigts\\\/\",\"url\":\"https:\\\/\\\/www.reset-emotions.com\\\/fr\\\/therapie-des-sels-de-dr-schussler-jin-shin-jyutsu-et-reset-via-les-doigts\\\/\",\"name\":\"Les Avis - Reset Emotions\",\"isPartOf\":{\"@id\":\"https:\\\/\\\/www.reset-emotions.com\\\/#website\"},\"primaryImageOfPage\":{\"@id\":\"https:\\\/\\\/www.reset-emotions.com\\\/fr\\\/therapie-des-sels-de-dr-schussler-jin-shin-jyutsu-et-reset-via-les-doigts\\\/#primaryimage\"},\"image\":{\"@id\":\"https:\\\/\\\/www.reset-emotions.com\\\/fr\\\/therapie-des-sels-de-dr-schussler-jin-shin-jyutsu-et-reset-via-les-doigts\\\/#primaryimage\"},\"thumbnailUrl\":\"https:\\\/\\\/www.reset-emotions.com\\\/wp-content\\\/uploads\\\/2026\\\/03\\\/2-bloemen-1024x768.jpeg\",\"datePublished\":\"2026-02-09T10:15:19+00:00\",\"dateModified\":\"2026-03-05T14:02:03+00:00\",\"description\":\"Avis Jin Shin Jyutsu, th\u00e9rapie des sels cellulaire de Dr Sch\u00fcssler et Reset via les Doigts. Attention, engagement et comp\u00e9tence. Tr\u00e8s bien possible via appel vid\u00e9o.\",\"breadcrumb\":{\"@id\":\"https:\\\/\\\/www.reset-emotions.com\\\/fr\\\/therapie-des-sels-de-dr-schussler-jin-shin-jyutsu-et-reset-via-les-doigts\\\/#breadcrumb\"},\"inLanguage\":\"fr-FR\",\"potentialAction\":[{\"@type\":\"ReadAction\",\"target\":[\"https:\\\/\\\/www.reset-emotions.com\\\/fr\\\/therapie-des-sels-de-dr-schussler-jin-shin-jyutsu-et-reset-via-les-doigts\\\/\"]}]},{\"@type\":\"ImageObject\",\"inLanguage\":\"fr-FR\",\"@id\":\"https:\\\/\\\/www.reset-emotions.com\\\/fr\\\/therapie-des-sels-de-dr-schussler-jin-shin-jyutsu-et-reset-via-les-doigts\\\/#primaryimage\",\"url\":\"https:\\\/\\\/www.reset-emotions.com\\\/wp-content\\\/uploads\\\/2026\\\/03\\\/2-bloemen-1024x768.jpeg\",\"contentUrl\":\"https:\\\/\\\/www.reset-emotions.com\\\/wp-content\\\/uploads\\\/2026\\\/03\\\/2-bloemen-1024x768.jpeg\"},{\"@type\":\"BreadcrumbList\",\"@id\":\"https:\\\/\\\/www.reset-emotions.com\\\/fr\\\/therapie-des-sels-de-dr-schussler-jin-shin-jyutsu-et-reset-via-les-doigts\\\/#breadcrumb\",\"itemListElement\":[{\"@type\":\"ListItem\",\"position\":1,\"name\":\"Home\",\"item\":\"https:\\\/\\\/www.reset-emotions.com\\\/fr\\\/\"},{\"@type\":\"ListItem\",\"position\":2,\"name\":\"Les Avis\"}]},{\"@type\":\"WebSite\",\"@id\":\"https:\\\/\\\/www.reset-emotions.com\\\/#website\",\"url\":\"https:\\\/\\\/www.reset-emotions.com\\\/\",\"name\":\"Reset Emotions\",\"description\":\"\",\"potentialAction\":[{\"@type\":\"SearchAction\",\"target\":{\"@type\":\"EntryPoint\",\"urlTemplate\":\"https:\\\/\\\/www.reset-emotions.com\\\/?s={search_term_string}\"},\"query-input\":{\"@type\":\"PropertyValueSpecification\",\"valueRequired\":true,\"valueName\":\"search_term_string\"}}],\"inLanguage\":\"fr-FR\"}]}<\/script>\n<!-- \/ Yoast SEO plugin. -->","yoast_head_json":{"title":"Les Avis - Reset Emotions","description":"Avis Jin Shin Jyutsu, th\u00e9rapie des sels cellulaire de Dr Sch\u00fcssler et Reset via les Doigts. Attention, engagement et comp\u00e9tence. Tr\u00e8s bien possible via appel vid\u00e9o.","robots":{"index":"index","follow":"follow","max-snippet":"max-snippet:-1","max-image-preview":"max-image-preview:large","max-video-preview":"max-video-preview:-1"},"canonical":"https:\/\/www.reset-emotions.com\/fr\/therapie-des-sels-de-dr-schussler-jin-shin-jyutsu-et-reset-via-les-doigts\/","og_locale":"fr_FR","og_type":"article","og_title":"Les Avis - Reset Emotions","og_description":"Avis Jin Shin Jyutsu, th\u00e9rapie des sels cellulaire de Dr Sch\u00fcssler et Reset via les Doigts. Attention, engagement et comp\u00e9tence. Tr\u00e8s bien possible via appel vid\u00e9o.","og_url":"https:\/\/www.reset-emotions.com\/fr\/therapie-des-sels-de-dr-schussler-jin-shin-jyutsu-et-reset-via-les-doigts\/","og_site_name":"Reset Emotions","article_modified_time":"2026-03-05T14:02:03+00:00","og_image":[{"url":"https:\/\/www.reset-emotions.com\/wp-content\/uploads\/2026\/03\/2-bloemen-1024x768.jpeg","type":"","width":"","height":""}],"twitter_misc":{"Dur\u00e9e de lecture estim\u00e9e":"7 minutes"},"schema":{"@context":"https:\/\/schema.org","@graph":[{"@type":"WebPage","@id":"https:\/\/www.reset-emotions.com\/fr\/therapie-des-sels-de-dr-schussler-jin-shin-jyutsu-et-reset-via-les-doigts\/","url":"https:\/\/www.reset-emotions.com\/fr\/therapie-des-sels-de-dr-schussler-jin-shin-jyutsu-et-reset-via-les-doigts\/","name":"Les Avis - Reset Emotions","isPartOf":{"@id":"https:\/\/www.reset-emotions.com\/#website"},"primaryImageOfPage":{"@id":"https:\/\/www.reset-emotions.com\/fr\/therapie-des-sels-de-dr-schussler-jin-shin-jyutsu-et-reset-via-les-doigts\/#primaryimage"},"image":{"@id":"https:\/\/www.reset-emotions.com\/fr\/therapie-des-sels-de-dr-schussler-jin-shin-jyutsu-et-reset-via-les-doigts\/#primaryimage"},"thumbnailUrl":"https:\/\/www.reset-emotions.com\/wp-content\/uploads\/2026\/03\/2-bloemen-1024x768.jpeg","datePublished":"2026-02-09T10:15:19+00:00","dateModified":"2026-03-05T14:02:03+00:00","description":"Avis Jin Shin Jyutsu, th\u00e9rapie des sels cellulaire de Dr Sch\u00fcssler et Reset via les Doigts. Attention, engagement et comp\u00e9tence. Tr\u00e8s bien possible via appel vid\u00e9o.","breadcrumb":{"@id":"https:\/\/www.reset-emotions.com\/fr\/therapie-des-sels-de-dr-schussler-jin-shin-jyutsu-et-reset-via-les-doigts\/#breadcrumb"},"inLanguage":"fr-FR","potentialAction":[{"@type":"ReadAction","target":["https:\/\/www.reset-emotions.com\/fr\/therapie-des-sels-de-dr-schussler-jin-shin-jyutsu-et-reset-via-les-doigts\/"]}]},{"@type":"ImageObject","inLanguage":"fr-FR","@id":"https:\/\/www.reset-emotions.com\/fr\/therapie-des-sels-de-dr-schussler-jin-shin-jyutsu-et-reset-via-les-doigts\/#primaryimage","url":"https:\/\/www.reset-emotions.com\/wp-content\/uploads\/2026\/03\/2-bloemen-1024x768.jpeg","contentUrl":"https:\/\/www.reset-emotions.com\/wp-content\/uploads\/2026\/03\/2-bloemen-1024x768.jpeg"},{"@type":"BreadcrumbList","@id":"https:\/\/www.reset-emotions.com\/fr\/therapie-des-sels-de-dr-schussler-jin-shin-jyutsu-et-reset-via-les-doigts\/#breadcrumb","itemListElement":[{"@type":"ListItem","position":1,"name":"Home","item":"https:\/\/www.reset-emotions.com\/fr\/"},{"@type":"ListItem","position":2,"name":"Les Avis"}]},{"@type":"WebSite","@id":"https:\/\/www.reset-emotions.com\/#website","url":"https:\/\/www.reset-emotions.com\/","name":"Reset Emotions","description":"","potentialAction":[{"@type":"SearchAction","target":{"@type":"EntryPoint","urlTemplate":"https:\/\/www.reset-emotions.com\/?s={search_term_string}"},"query-input":{"@type":"PropertyValueSpecification","valueRequired":true,"valueName":"search_term_string"}}],"inLanguage":"fr-FR"}]}},"_links":{"self":[{"href":"https:\/\/www.reset-emotions.com\/fr\/wp-json\/wp\/v2\/pages\/3909","targetHints":{"allow":["GET"]}}],"collection":[{"href":"https:\/\/www.reset-emotions.com\/fr\/wp-json\/wp\/v2\/pages"}],"about":[{"href":"https:\/\/www.reset-emotions.com\/fr\/wp-json\/wp\/v2\/types\/page"}],"author":[{"embeddable":true,"href":"https:\/\/www.reset-emotions.com\/fr\/wp-json\/wp\/v2\/users\/2"}],"replies":[{"embeddable":true,"href":"https:\/\/www.reset-emotions.com\/fr\/wp-json\/wp\/v2\/comments?post=3909"}],"version-history":[{"count":8,"href":"https:\/\/www.reset-emotions.com\/fr\/wp-json\/wp\/v2\/pages\/3909\/revisions"}],"predecessor-version":[{"id":4369,"href":"https:\/\/www.reset-emotions.com\/fr\/wp-json\/wp\/v2\/pages\/3909\/revisions\/4369"}],"wp:attachment":[{"href":"https:\/\/www.reset-emotions.com\/fr\/wp-json\/wp\/v2\/media?parent=3909"}],"curies":[{"name":"wp","href":"https:\/\/api.w.org\/{rel}","templated":true}]}}