{"id":3699,"date":"2026-01-22T15:53:42","date_gmt":"2026-01-22T14:53:42","guid":{"rendered":"https:\/\/www.reset-emotions.nl\/?page_id=3699"},"modified":"2026-04-19T18:30:41","modified_gmt":"2026-04-19T17:30:41","slug":"chez-reset-emotions-jin-shin-jyutsu-reset-via-les-doights-les-sels-de-dr-schussler","status":"publish","type":"page","link":"https:\/\/www.reset-emotions.com\/fr\/","title":{"rendered":"Bienvenue sur mon site web !"},"content":{"rendered":"\n<p><em>Chez Reset Emotions, Ansac-sur-Vienne, situ\u00e9 dans la Charente en France, vous \u00eates les bienvenus pour<\/em><\/p>\n\n\n\n<div class=\"wp-block-group is-nowrap is-layout-flex wp-container-core-group-is-layout-ad2f72ca wp-block-group-is-layout-flex\">\n<div class=\"wp-block-group is-nowrap is-layout-flex wp-container-core-group-is-layout-ad2f72ca wp-block-group-is-layout-flex\">\n<ul class=\"wp-block-list\">\n<li><a href=\"https:\/\/www.reset-emotions.com\/fr\/la-therapie-des-sels-schussler\/\" type=\"page\" id=\"3704\"><strong>La Th\u00e9rapie des Sels Sch\u00fcssler<\/strong>,<\/a><\/li>\n\n\n\n<li><strong><a href=\"https:\/\/www.reset-emotions.com\/fr\/jin-shin-jyutsu-lart-de-saider-soi-meme\/\" type=\"page\" id=\"3677\">Jin Shin Jyutsu\u00ae<\/a> <\/strong><\/li>\n\n\n\n<li><strong><a href=\"https:\/\/www.reset-emotions.com\/fr\/reinitialiser-via-les-doigts-avec-reset-emotions\/\" type=\"page\" id=\"3723\">Reset via Les Doights.<\/a><\/strong><\/li>\n<\/ul>\n<\/div>\n<\/div>\n\n\n<div class=\"wp-block-image\">\n<figure class=\"alignright size-large is-resized\"><img decoding=\"async\" width=\"1024\" height=\"683\" src=\"https:\/\/www.reset-emotions.nl\/wp-content\/uploads\/2014\/11\/emotionspijl-1024x683.jpg\" alt=\"Emotions Logic\" class=\"wp-image-3645\" style=\"aspect-ratio:1.4993160054719563;width:340px;height:auto\"\/><figcaption class=\"wp-element-caption\">Emotions Logic<\/figcaption><\/figure>\n<\/div>\n\n\n<p><em><em>C&rsquo;est possible \u00e0 Ansac-sur-Vienne. Les traitements \u00e0 distance sont possibles pour les s\u00e9ances et en ligne.<\/em><\/em><\/p>\n\n\n\n<p><em>Choisissez ce qui vous convient !<\/em> <em>Quel traitement vous attire le plus ?<\/em><\/p>\n\n\n\n<p>Les \u00e9motions bloquantes sont \u00e0 la base de tous les \u00ab troubles \u00bb du corps et de l&rsquo;esprit. Les \u00e9motions bloquantes sont des \u00e9motions telles que : la peur, les inqui\u00e9tudes, la tristesse, la col\u00e8re, faire semblant, dont vous souffrez constamment. Il est bien connu que les \u00e9motions bloquantes sont \u00e0 l&rsquo;origine de nos probl\u00e8mes de sant\u00e9. Le corps est tr\u00e8s intelligent. Tout ce que vous avez jamais v\u00e9cu est enregistr\u00e9 dans le corps, jusqu&rsquo;au niveau des cellules. Chez Reset Emotions, une approche holistique est appliqu\u00e9e.<\/p>\n\n\n\n<h4 class=\"wp-block-heading\"><em><em><strong>D\u00e9couvrez la diff\u00e9rence et <a href=\"https:\/\/www.reset-emotions.com\/fr\/contact-reset-emotions\/\" type=\"page\" id=\"3727\">r\u00e9servez une session<\/a>: la Th\u00e9rapie par les Sels de Sch\u00fcssler&nbsp;, Jin Shin Jyutsu\u00ae, min\u00e9raux Eidon\u00ae ou une r\u00e9initialisation via les doigts.<\/strong><\/em><\/em><\/h4>\n\n\n\n<p>Recevez le livre \u00e9lectronique gratuit sur le Jin Shin Jyutsu ! Il est en n\u00e9erlandais. Si vous le souhaitez dans une autre langue, envoyez simplement un e-mail et vous recevrez le document traduit.<\/p>\n\n\n<div class=\"wp-block-image size-full wp-image-400\">\n<figure class=\"aligncenter\"><img decoding=\"async\" width=\"399\" height=\"211\" src=\"http:\/\/www.reset-emotions.nl\/wp-content\/uploads\/2014\/11\/vingers-met-tekstvlak-voor-website-e1442061447568.jpg\" alt=\"E-Book vingerreflexologie\" class=\"wp-image-400\"\/><figcaption class=\"wp-element-caption\">Gratis E-Book Jin Shin Jyutsu<\/figcaption><\/figure>\n<\/div>\n\n\n<p><a href=\"https:\/\/www.reset-emotions.com\/fr\/conseils-pratique-jin-shin-jyutsu-therapie-des-sels-de-schussler-et-reset-via-les-doights\/\" type=\"page\" id=\"3892\"><strong>Vous recevrez l&rsquo;e-book gratuit si vous vous inscrivez \u00e0 <\/strong>la Newsletter<\/a> <strong>sur mon site.&nbsp;<\/strong><\/p>\n\n\n\n<p>Inscrivez-vous \u00e0 <strong><a href=\"https:\/\/www.reset-emotions.com\/fr\/conseils-pratique-jin-shin-jyutsu-therapie-des-sels-de-schussler-et-reset-via-les-doights\/\" type=\"page\" id=\"3892\">la newsletter tendance<\/a><\/strong>&nbsp; pour des conseils utiles sur Jin Shin Jyutsu et la th\u00e9rapie de sels cellulaires!<\/p>\n\n\n\n<h2 class=\"wp-block-heading\">Comment puis-je vous aider?<\/h2>\n\n\n\n<ul class=\"wp-block-list nummering\">\n<li><strong>Stress \/ Burn-out \/ Douleurs aux \u00e9paules et au dos<\/strong><\/li>\n\n\n\n<li><strong>Peur \/ Traumatismes et blocages<\/strong><\/li>\n\n\n\n<li><strong>Perturbation hormonale \/ Douleur, \u00e9pine calcan\u00e9enne, r\u00e9tention d&rsquo;eau<\/strong><\/li>\n\n\n\n<li><strong>Mieux dans sa peau, ressentir davantage et avoir confiance en soi<\/strong><\/li>\n\n\n\n<li><strong><a href=\"https:\/\/www.reset-emotions.com\/fr\/la-therapie-des-sels-schussler\/\">La Th\u00e9rapie des sels de Dr Sch\u00fcssler<\/a> , <a href=\"https:\/\/www.reset-emotions.com\/fr\/jin-shin-jyutsu-lart-de-saider-soi-meme\/\">Jin Shin Jyutsu<\/a><a href=\"http:\/\/www.reset-emotions.nl\/jin-shin-jyutsu\/\" target=\"_blank\" rel=\"noopener noreferrer\"> et <\/a><a href=\"https:\/\/www.reset-emotions.com\/fr\/reset-via-les-doigts-avec-reset-emotions\/\">Reset via les Doights<\/a><a href=\"http:\/\/www.reset-emotions.nl\/jin-shin-jyutsu\/\" target=\"_blank\" rel=\"noopener noreferrer\">. <\/a>Pour toutes vos plaintes et plus d&rsquo;\u00e9nergie. Renseignez-vous sans engagement sur les possibilit\u00e9s.<\/strong><\/li>\n<\/ul>\n","protected":false},"excerpt":{"rendered":"<p>Chez Reset Emotions, Ansac-sur-Vienne, situ\u00e9 dans la Charente en France, vous \u00eates les bienvenus pour C&rsquo;est possible \u00e0 Ansac-sur-Vienne. Les traitements \u00e0 distance sont possibles pour les s\u00e9ances et en ligne. Choisissez ce qui vous convient ! Quel traitement vous attire le plus ? Les \u00e9motions bloquantes sont \u00e0 la base de tous les \u00ab <a class=\"read-more\" href=\"https:\/\/www.reset-emotions.com\/fr\/\">(Lees verder)<\/a><\/p>\n","protected":false},"author":2,"featured_media":3627,"parent":0,"menu_order":0,"comment_status":"open","ping_status":"open","template":"","meta":{"_genesis_hide_title":false,"_genesis_hide_breadcrumbs":false,"_genesis_hide_singular_image":false,"_genesis_hide_footer_widgets":false,"_genesis_custom_body_class":"","_genesis_custom_post_class":"","_genesis_layout":"full-width-content","footnotes":""},"class_list":{"0":"post-3699","1":"page","2":"type-page","3":"status-publish","4":"has-post-thumbnail","6":"entry"},"yoast_head":"<!-- This site is optimized with the Yoast SEO plugin v27.4 - https:\/\/yoast.com\/product\/yoast-seo-wordpress\/ -->\n<title>Bienvenue sur mon site web ! - Reset Emotions<\/title>\n<meta name=\"description\" content=\"Jin Shin Jyusu, Reset via les Doight et la Th\u00e9rapie avec les Sels de Dr Sch\u00fcssler. Aussi en line et les traitements \u00e0 distance\" \/>\n<meta name=\"robots\" content=\"index, follow, max-snippet:-1, max-image-preview:large, max-video-preview:-1\" \/>\n<link rel=\"canonical\" href=\"https:\/\/www.reset-emotions.com\/fr\/\" \/>\n<meta property=\"og:locale\" content=\"fr_FR\" \/>\n<meta property=\"og:type\" content=\"article\" \/>\n<meta property=\"og:title\" content=\"Bienvenue sur mon site web ! - Reset Emotions\" \/>\n<meta property=\"og:description\" content=\"Jin Shin Jyusu, Reset via les Doight et la Th\u00e9rapie avec les Sels de Dr Sch\u00fcssler. Aussi en line et les traitements \u00e0 distance\" \/>\n<meta property=\"og:url\" content=\"https:\/\/www.reset-emotions.com\/fr\/\" \/>\n<meta property=\"og:site_name\" content=\"Reset Emotions\" \/>\n<meta property=\"article:modified_time\" content=\"2026-04-19T17:30:41+00:00\" \/>\n<meta property=\"og:image\" content=\"https:\/\/www.reset-emotions.com\/wp-content\/uploads\/2014\/11\/vingers-met-tekstvlak-voor-website-e1442061447568.jpg\" \/>\n\t<meta property=\"og:image:width\" content=\"399\" \/>\n\t<meta property=\"og:image:height\" content=\"211\" \/>\n\t<meta property=\"og:image:type\" content=\"image\/jpeg\" \/>\n<meta name=\"twitter:label1\" content=\"Dur\u00e9e de lecture estim\u00e9e\" \/>\n\t<meta name=\"twitter:data1\" content=\"3 minutes\" \/>\n<script type=\"application\/ld+json\" class=\"yoast-schema-graph\">{\"@context\":\"https:\\\/\\\/schema.org\",\"@graph\":[{\"@type\":\"WebPage\",\"@id\":\"https:\\\/\\\/www.reset-emotions.com\\\/fr\\\/\",\"url\":\"https:\\\/\\\/www.reset-emotions.com\\\/fr\\\/\",\"name\":\"Bienvenue sur mon site web ! - Reset Emotions\",\"isPartOf\":{\"@id\":\"https:\\\/\\\/www.reset-emotions.com\\\/#website\"},\"primaryImageOfPage\":{\"@id\":\"https:\\\/\\\/www.reset-emotions.com\\\/fr\\\/#primaryimage\"},\"image\":{\"@id\":\"https:\\\/\\\/www.reset-emotions.com\\\/fr\\\/#primaryimage\"},\"thumbnailUrl\":\"https:\\\/\\\/www.reset-emotions.com\\\/wp-content\\\/uploads\\\/2014\\\/11\\\/vingers-met-tekstvlak-voor-website-e1442061447568.jpg\",\"datePublished\":\"2026-01-22T14:53:42+00:00\",\"dateModified\":\"2026-04-19T17:30:41+00:00\",\"description\":\"Jin Shin Jyusu, Reset via les Doight et la Th\u00e9rapie avec les Sels de Dr Sch\u00fcssler. Aussi en line et les traitements \u00e0 distance\",\"breadcrumb\":{\"@id\":\"https:\\\/\\\/www.reset-emotions.com\\\/fr\\\/#breadcrumb\"},\"inLanguage\":\"fr-FR\",\"potentialAction\":[{\"@type\":\"ReadAction\",\"target\":[\"https:\\\/\\\/www.reset-emotions.com\\\/fr\\\/\"]}]},{\"@type\":\"ImageObject\",\"inLanguage\":\"fr-FR\",\"@id\":\"https:\\\/\\\/www.reset-emotions.com\\\/fr\\\/#primaryimage\",\"url\":\"https:\\\/\\\/www.reset-emotions.com\\\/wp-content\\\/uploads\\\/2014\\\/11\\\/vingers-met-tekstvlak-voor-website-e1442061447568.jpg\",\"contentUrl\":\"https:\\\/\\\/www.reset-emotions.com\\\/wp-content\\\/uploads\\\/2014\\\/11\\\/vingers-met-tekstvlak-voor-website-e1442061447568.jpg\",\"width\":399,\"height\":211,\"caption\":\"Gratis E-Book vingerreflexologie\"},{\"@type\":\"BreadcrumbList\",\"@id\":\"https:\\\/\\\/www.reset-emotions.com\\\/fr\\\/#breadcrumb\",\"itemListElement\":[{\"@type\":\"ListItem\",\"position\":1,\"name\":\"Home\",\"item\":\"https:\\\/\\\/www.reset-emotions.com\\\/fr\\\/\"},{\"@type\":\"ListItem\",\"position\":2,\"name\":\"Bienvenue sur mon site web !\"}]},{\"@type\":\"WebSite\",\"@id\":\"https:\\\/\\\/www.reset-emotions.com\\\/#website\",\"url\":\"https:\\\/\\\/www.reset-emotions.com\\\/\",\"name\":\"Reset Emotions\",\"description\":\"\",\"potentialAction\":[{\"@type\":\"SearchAction\",\"target\":{\"@type\":\"EntryPoint\",\"urlTemplate\":\"https:\\\/\\\/www.reset-emotions.com\\\/?s={search_term_string}\"},\"query-input\":{\"@type\":\"PropertyValueSpecification\",\"valueRequired\":true,\"valueName\":\"search_term_string\"}}],\"inLanguage\":\"fr-FR\"}]}<\/script>\n<!-- \/ Yoast SEO plugin. -->","yoast_head_json":{"title":"Bienvenue sur mon site web ! - Reset Emotions","description":"Jin Shin Jyusu, Reset via les Doight et la Th\u00e9rapie avec les Sels de Dr Sch\u00fcssler. Aussi en line et les traitements \u00e0 distance","robots":{"index":"index","follow":"follow","max-snippet":"max-snippet:-1","max-image-preview":"max-image-preview:large","max-video-preview":"max-video-preview:-1"},"canonical":"https:\/\/www.reset-emotions.com\/fr\/","og_locale":"fr_FR","og_type":"article","og_title":"Bienvenue sur mon site web ! - Reset Emotions","og_description":"Jin Shin Jyusu, Reset via les Doight et la Th\u00e9rapie avec les Sels de Dr Sch\u00fcssler. Aussi en line et les traitements \u00e0 distance","og_url":"https:\/\/www.reset-emotions.com\/fr\/","og_site_name":"Reset Emotions","article_modified_time":"2026-04-19T17:30:41+00:00","og_image":[{"width":399,"height":211,"url":"https:\/\/www.reset-emotions.com\/wp-content\/uploads\/2014\/11\/vingers-met-tekstvlak-voor-website-e1442061447568.jpg","type":"image\/jpeg"}],"twitter_misc":{"Dur\u00e9e de lecture estim\u00e9e":"3 minutes"},"schema":{"@context":"https:\/\/schema.org","@graph":[{"@type":"WebPage","@id":"https:\/\/www.reset-emotions.com\/fr\/","url":"https:\/\/www.reset-emotions.com\/fr\/","name":"Bienvenue sur mon site web ! - Reset Emotions","isPartOf":{"@id":"https:\/\/www.reset-emotions.com\/#website"},"primaryImageOfPage":{"@id":"https:\/\/www.reset-emotions.com\/fr\/#primaryimage"},"image":{"@id":"https:\/\/www.reset-emotions.com\/fr\/#primaryimage"},"thumbnailUrl":"https:\/\/www.reset-emotions.com\/wp-content\/uploads\/2014\/11\/vingers-met-tekstvlak-voor-website-e1442061447568.jpg","datePublished":"2026-01-22T14:53:42+00:00","dateModified":"2026-04-19T17:30:41+00:00","description":"Jin Shin Jyusu, Reset via les Doight et la Th\u00e9rapie avec les Sels de Dr Sch\u00fcssler. Aussi en line et les traitements \u00e0 distance","breadcrumb":{"@id":"https:\/\/www.reset-emotions.com\/fr\/#breadcrumb"},"inLanguage":"fr-FR","potentialAction":[{"@type":"ReadAction","target":["https:\/\/www.reset-emotions.com\/fr\/"]}]},{"@type":"ImageObject","inLanguage":"fr-FR","@id":"https:\/\/www.reset-emotions.com\/fr\/#primaryimage","url":"https:\/\/www.reset-emotions.com\/wp-content\/uploads\/2014\/11\/vingers-met-tekstvlak-voor-website-e1442061447568.jpg","contentUrl":"https:\/\/www.reset-emotions.com\/wp-content\/uploads\/2014\/11\/vingers-met-tekstvlak-voor-website-e1442061447568.jpg","width":399,"height":211,"caption":"Gratis E-Book vingerreflexologie"},{"@type":"BreadcrumbList","@id":"https:\/\/www.reset-emotions.com\/fr\/#breadcrumb","itemListElement":[{"@type":"ListItem","position":1,"name":"Home","item":"https:\/\/www.reset-emotions.com\/fr\/"},{"@type":"ListItem","position":2,"name":"Bienvenue sur mon site web !"}]},{"@type":"WebSite","@id":"https:\/\/www.reset-emotions.com\/#website","url":"https:\/\/www.reset-emotions.com\/","name":"Reset Emotions","description":"","potentialAction":[{"@type":"SearchAction","target":{"@type":"EntryPoint","urlTemplate":"https:\/\/www.reset-emotions.com\/?s={search_term_string}"},"query-input":{"@type":"PropertyValueSpecification","valueRequired":true,"valueName":"search_term_string"}}],"inLanguage":"fr-FR"}]}},"_links":{"self":[{"href":"https:\/\/www.reset-emotions.com\/fr\/wp-json\/wp\/v2\/pages\/3699","targetHints":{"allow":["GET"]}}],"collection":[{"href":"https:\/\/www.reset-emotions.com\/fr\/wp-json\/wp\/v2\/pages"}],"about":[{"href":"https:\/\/www.reset-emotions.com\/fr\/wp-json\/wp\/v2\/types\/page"}],"author":[{"embeddable":true,"href":"https:\/\/www.reset-emotions.com\/fr\/wp-json\/wp\/v2\/users\/2"}],"replies":[{"embeddable":true,"href":"https:\/\/www.reset-emotions.com\/fr\/wp-json\/wp\/v2\/comments?post=3699"}],"version-history":[{"count":11,"href":"https:\/\/www.reset-emotions.com\/fr\/wp-json\/wp\/v2\/pages\/3699\/revisions"}],"predecessor-version":[{"id":4491,"href":"https:\/\/www.reset-emotions.com\/fr\/wp-json\/wp\/v2\/pages\/3699\/revisions\/4491"}],"wp:featuredmedia":[{"embeddable":true,"href":"https:\/\/www.reset-emotions.com\/fr\/wp-json\/wp\/v2\/media\/3627"}],"wp:attachment":[{"href":"https:\/\/www.reset-emotions.com\/fr\/wp-json\/wp\/v2\/media?parent=3699"}],"curies":[{"name":"wp","href":"https:\/\/api.w.org\/{rel}","templated":true}]}}