{"id":4036,"date":"2026-02-12T16:37:03","date_gmt":"2026-02-12T15:37:03","guid":{"rendered":"https:\/\/www.reset-emotions.nl\/?page_id=4036"},"modified":"2026-02-22T18:36:43","modified_gmt":"2026-02-22T17:36:43","slug":"channeln-und-clearing-reset-mit-gerard-balvert","status":"publish","type":"page","link":"https:\/\/www.reset-emotions.com\/de\/channeln-und-clearing-reset-mit-gerard-balvert\/","title":{"rendered":"Channeln mit G\u00e9rard"},"content":{"rendered":"\n<p>Channeln und Clearing (Reset) mit G\u00e9rard Balvert passt perfekt zum Konzept von Reset Emotions. Ich kann ihn daher w\u00e4rmstens empfehlen.<\/p>\n\n\n\n<p>Ich bin G\u00e9rard Balvert, der Ehemann von Marleen. Ich habe Kulturwissenschaften und Deutsch studiert und eine Ausbildung zum Akademischen Berater gemacht. Im Bereich pers\u00f6nliche und spirituelle Entwicklung habe ich viele Kurse besucht und Gruppenarbeit geleistet. Spiritualit\u00e4t bildet den roten Faden in meinem Leben.<\/p>\n\n\n<div class=\"wp-block-image\">\n<figure class=\"aligncenter size-full\"><img decoding=\"async\" width=\"400\" height=\"348\" src=\"https:\/\/www.reset-emotions.nl\/wp-content\/uploads\/2026\/02\/Gerard-e1770902969543.jpg\" alt=\"G\u00e9rard Balvert\" class=\"wp-image-4007\"\/><figcaption class=\"wp-element-caption\">G\u00e9rard Balvert<\/figcaption><\/figure>\n<\/div>\n\n\n<p>Wir leben in einer aufregenden Zeit. Die Menschheit ist auf dem Weg zu einem neuen und liebevolleren Bewusstsein, aber es ist kein einfacher \u00dcbergang. Jetzt ist es meine Leidenschaft, Menschen bei diesem Aufstieg zu unterst\u00fctzen. Das tue ich, indem ich Online-Meditationen leite, B\u00fccher schreibe und Sitzungen anbiete: Channeling und Clearing (Reset). Dabei habe ich inzwischen reichlich Erfahrung gesammelt. W\u00e4hrend der Sitzungen kann ich zwei Dinge tun.<\/p>\n\n\n\n<p>Zuerst channeln. \u00dcber mich kann eine Gruppe von Plejadiern deine Fragen beantworten und klare Ratschl\u00e4ge geben. Manchmal erscheinen auch andere weise und liebevolle Wesen. Ich channel am liebsten auf Englisch. Andere Sprachen wie Deutsch und Niederl\u00e4ndisch sind nat\u00fcrlich auch m\u00f6glich.<\/p>\n\n\n\n<p>Du kannst alle m\u00f6glichen Fragen stellen, die mit deiner Entwicklung zu tun haben. Zum Beispiel: Was ist meine Mission hier auf der Erde? Oder: Ist der Job, den ich jetzt habe, richtig f\u00fcr mich?<\/p>\n\n\n\n<p>Zweitens Clearing (Reset). Das bedeutet das Aufr\u00e4umen blockierende Emotionen. Dabei suchen wir gemeinsam nach dieser blockierenden Emotion. Durch das Einf\u00fchlen in diese tieferen Emotionen, wenn gew\u00fcnscht, das unter meiner Anleitung zum Ausdruck bringen, k\u00f6nnen diese gel\u00f6st werden. Danach f\u00fchlst du dich befreit. Anschlie\u00dfend bringen wir gemeinsam Licht und Positivit\u00e4t an die Stellen in deinem Wesen, an denen zuvor die festsitzenden Emotionen waren.<\/p>\n\n\n<div class=\"wp-block-image\">\n<figure class=\"alignright size-large is-resized\"><img decoding=\"async\" width=\"768\" height=\"1024\" src=\"https:\/\/www.reset-emotions.com\/wp-content\/uploads\/2026\/02\/Geert-Jan-met-Courgette-768x1024.jpg\" alt=\"G\u00e9rard mit Zucchini\" class=\"wp-image-4023\" style=\"aspect-ratio:0.7500167414451215;width:169px;height:auto\"\/><figcaption class=\"wp-element-caption\">G\u00e9rard mit Zucchini<\/figcaption><\/figure>\n<\/div>\n\n\n<p>M\u00f6chten Sie eine Sitzung mit mir buchen? Schicken Sie dann eine Nachricht \u00fcber das <a href=\"https:\/\/www.reset-emotions.com\/de\/contact\/\" type=\"page\" id=\"267\">Kontaktformular <\/a>auf dieser Seite. Geben Sie dabei an: Sitzung mit G\u00e9rard. Ich werde mich so schnell wie m\u00f6glich bei Ihnen melden, um ein Datum und eine Uhrzeit zu vereinbaren.<\/p>\n\n\n\n<p>Eine Sitzung kostet 60 Euro.<\/p>\n\n\n\n<p>Mit liebevollen Gr\u00fc\u00dfen, G\u00e9rard Balvert<\/p>\n\n\n\n<p>   <strong>Bitte beachten:<\/strong><\/p>\n\n\n\n<ul class=\"wp-block-list\">\n<li><em>Ich betrachte die Informationen, die Sie mir geben, als vertraulich. Daher werde ich diese nicht mit anderen teilen, es sei denn, Sie haben ausdr\u00fccklich Ihre Zustimmung daf\u00fcr gegeben.<\/em><\/li>\n\n\n\n<li><em>Nach der Sitzung erhalten Sie, falls Sie dies w\u00fcnschen, eine Aufnahme der Sitzung. Diese ist ausschlie\u00dflich f\u00fcr den privaten Gebrauch bestimmt.<\/em><\/li>\n\n\n\n<li><em>Die Sitzungen sind nicht f\u00fcr medizinische Fragen vorgesehen. Ich bin kein Arzt. Sie sollten immer Ihren Arzt und zertifizierte Fachkr\u00e4fte in Gesundheitsfragen konsultieren.<\/em><\/li>\n\n\n\n<li><em>Sie sollten Ihren medizinischen und psychischen Gesundheitszustand ber\u00fccksichtigen, bevor Sie eine Sitzung bei mir durchf\u00fchren. Nehmen Sie nicht an der Sitzung teil, wenn Sie glauben, dass dies in irgendeiner Weise negative Auswirkungen auf Ihre k\u00f6rperliche oder geistige Gesundheit haben k\u00f6nnte.<\/em><\/li>\n\n\n\n<li><em>Nichts von dem, was ich w\u00e4hrend der Sitzung sage, darf in irgendeiner Weise als medizinische oder psychische Diagnose oder Verschreibung angesehen werden. Wenn Sie meine Worte auf diese Weise interpretieren, \u00fcbernehme ich keine Verantwortung.<\/em><\/li>\n<\/ul>\n","protected":false},"excerpt":{"rendered":"<p>Channeln und Clearing (Reset) mit G\u00e9rard Balvert passt perfekt zum Konzept von Reset Emotions. Ich kann ihn daher w\u00e4rmstens empfehlen. Ich bin G\u00e9rard Balvert, der Ehemann von Marleen. Ich habe Kulturwissenschaften und Deutsch studiert und eine Ausbildung zum Akademischen Berater gemacht. Im Bereich pers\u00f6nliche und spirituelle Entwicklung habe ich viele Kurse besucht und Gruppenarbeit geleistet. <a class=\"read-more\" href=\"https:\/\/www.reset-emotions.com\/de\/channeln-und-clearing-reset-mit-gerard-balvert\/\">(Lees verder)<\/a><\/p>\n","protected":false},"author":2,"featured_media":0,"parent":0,"menu_order":0,"comment_status":"closed","ping_status":"closed","template":"","meta":{"_genesis_hide_title":false,"_genesis_hide_breadcrumbs":false,"_genesis_hide_singular_image":false,"_genesis_hide_footer_widgets":false,"_genesis_custom_body_class":"","_genesis_custom_post_class":"","_genesis_layout":"","footnotes":""},"class_list":{"0":"post-4036","1":"page","2":"type-page","3":"status-publish","5":"entry","6":"has-post-thumbnail"},"yoast_head":"<!-- This site is optimized with the Yoast SEO plugin v27.4 - https:\/\/yoast.com\/product\/yoast-seo-wordpress\/ -->\n<title>Channeln mit G\u00e9rard - Reset Emotions<\/title>\n<meta name=\"description\" content=\"Channeln und Clearing (Reset) mit G\u00e9rard Balvert. Was ist meine Mission hier auf der Erde? Ist der Job, den ich jetzt habe richtig f\u00fcr mich. auch online\" \/>\n<meta name=\"robots\" content=\"index, follow, max-snippet:-1, max-image-preview:large, max-video-preview:-1\" \/>\n<link rel=\"canonical\" href=\"https:\/\/www.reset-emotions.com\/de\/channeln-und-clearing-reset-mit-gerard-balvert\/\" \/>\n<meta property=\"og:locale\" content=\"de_DE\" \/>\n<meta property=\"og:type\" content=\"article\" \/>\n<meta property=\"og:title\" content=\"Channeln mit G\u00e9rard - Reset Emotions\" \/>\n<meta property=\"og:description\" content=\"Channeln und Clearing (Reset) mit G\u00e9rard Balvert. Was ist meine Mission hier auf der Erde? Ist der Job, den ich jetzt habe richtig f\u00fcr mich. auch online\" \/>\n<meta property=\"og:url\" content=\"https:\/\/www.reset-emotions.com\/de\/channeln-und-clearing-reset-mit-gerard-balvert\/\" \/>\n<meta property=\"og:site_name\" content=\"Reset Emotions\" \/>\n<meta property=\"article:modified_time\" content=\"2026-02-22T17:36:43+00:00\" \/>\n<meta property=\"og:image\" content=\"https:\/\/www.reset-emotions.nl\/wp-content\/uploads\/2026\/02\/Gerard-e1770902969543.jpg\" \/>\n<meta name=\"twitter:label1\" content=\"Gesch\u00e4tzte Lesezeit\" \/>\n\t<meta name=\"twitter:data1\" content=\"4\u00a0Minuten\" \/>\n<script type=\"application\/ld+json\" class=\"yoast-schema-graph\">{\"@context\":\"https:\\\/\\\/schema.org\",\"@graph\":[{\"@type\":\"WebPage\",\"@id\":\"https:\\\/\\\/www.reset-emotions.com\\\/de\\\/channeln-und-clearing-reset-mit-gerard-balvert\\\/\",\"url\":\"https:\\\/\\\/www.reset-emotions.com\\\/de\\\/channeln-und-clearing-reset-mit-gerard-balvert\\\/\",\"name\":\"Channeln mit G\u00e9rard - Reset Emotions\",\"isPartOf\":{\"@id\":\"https:\\\/\\\/www.reset-emotions.com\\\/#website\"},\"primaryImageOfPage\":{\"@id\":\"https:\\\/\\\/www.reset-emotions.com\\\/de\\\/channeln-und-clearing-reset-mit-gerard-balvert\\\/#primaryimage\"},\"image\":{\"@id\":\"https:\\\/\\\/www.reset-emotions.com\\\/de\\\/channeln-und-clearing-reset-mit-gerard-balvert\\\/#primaryimage\"},\"thumbnailUrl\":\"https:\\\/\\\/www.reset-emotions.nl\\\/wp-content\\\/uploads\\\/2026\\\/02\\\/Gerard-e1770902969543.jpg\",\"datePublished\":\"2026-02-12T15:37:03+00:00\",\"dateModified\":\"2026-02-22T17:36:43+00:00\",\"description\":\"Channeln und Clearing (Reset) mit G\u00e9rard Balvert. Was ist meine Mission hier auf der Erde? Ist der Job, den ich jetzt habe richtig f\u00fcr mich. auch online\",\"breadcrumb\":{\"@id\":\"https:\\\/\\\/www.reset-emotions.com\\\/de\\\/channeln-und-clearing-reset-mit-gerard-balvert\\\/#breadcrumb\"},\"inLanguage\":\"de\",\"potentialAction\":[{\"@type\":\"ReadAction\",\"target\":[\"https:\\\/\\\/www.reset-emotions.com\\\/de\\\/channeln-und-clearing-reset-mit-gerard-balvert\\\/\"]}]},{\"@type\":\"ImageObject\",\"inLanguage\":\"de\",\"@id\":\"https:\\\/\\\/www.reset-emotions.com\\\/de\\\/channeln-und-clearing-reset-mit-gerard-balvert\\\/#primaryimage\",\"url\":\"https:\\\/\\\/www.reset-emotions.nl\\\/wp-content\\\/uploads\\\/2026\\\/02\\\/Gerard-e1770902969543.jpg\",\"contentUrl\":\"https:\\\/\\\/www.reset-emotions.nl\\\/wp-content\\\/uploads\\\/2026\\\/02\\\/Gerard-e1770902969543.jpg\"},{\"@type\":\"BreadcrumbList\",\"@id\":\"https:\\\/\\\/www.reset-emotions.com\\\/de\\\/channeln-und-clearing-reset-mit-gerard-balvert\\\/#breadcrumb\",\"itemListElement\":[{\"@type\":\"ListItem\",\"position\":1,\"name\":\"Home\",\"item\":\"https:\\\/\\\/www.reset-emotions.com\\\/de\\\/\"},{\"@type\":\"ListItem\",\"position\":2,\"name\":\"Channeln mit G\u00e9rard\"}]},{\"@type\":\"WebSite\",\"@id\":\"https:\\\/\\\/www.reset-emotions.com\\\/#website\",\"url\":\"https:\\\/\\\/www.reset-emotions.com\\\/\",\"name\":\"Reset Emotions\",\"description\":\"\",\"potentialAction\":[{\"@type\":\"SearchAction\",\"target\":{\"@type\":\"EntryPoint\",\"urlTemplate\":\"https:\\\/\\\/www.reset-emotions.com\\\/?s={search_term_string}\"},\"query-input\":{\"@type\":\"PropertyValueSpecification\",\"valueRequired\":true,\"valueName\":\"search_term_string\"}}],\"inLanguage\":\"de\"}]}<\/script>\n<!-- \/ Yoast SEO plugin. -->","yoast_head_json":{"title":"Channeln mit G\u00e9rard - Reset Emotions","description":"Channeln und Clearing (Reset) mit G\u00e9rard Balvert. Was ist meine Mission hier auf der Erde? Ist der Job, den ich jetzt habe richtig f\u00fcr mich. auch online","robots":{"index":"index","follow":"follow","max-snippet":"max-snippet:-1","max-image-preview":"max-image-preview:large","max-video-preview":"max-video-preview:-1"},"canonical":"https:\/\/www.reset-emotions.com\/de\/channeln-und-clearing-reset-mit-gerard-balvert\/","og_locale":"de_DE","og_type":"article","og_title":"Channeln mit G\u00e9rard - Reset Emotions","og_description":"Channeln und Clearing (Reset) mit G\u00e9rard Balvert. Was ist meine Mission hier auf der Erde? Ist der Job, den ich jetzt habe richtig f\u00fcr mich. auch online","og_url":"https:\/\/www.reset-emotions.com\/de\/channeln-und-clearing-reset-mit-gerard-balvert\/","og_site_name":"Reset Emotions","article_modified_time":"2026-02-22T17:36:43+00:00","og_image":[{"url":"https:\/\/www.reset-emotions.nl\/wp-content\/uploads\/2026\/02\/Gerard-e1770902969543.jpg","type":"","width":"","height":""}],"twitter_misc":{"Gesch\u00e4tzte Lesezeit":"4\u00a0Minuten"},"schema":{"@context":"https:\/\/schema.org","@graph":[{"@type":"WebPage","@id":"https:\/\/www.reset-emotions.com\/de\/channeln-und-clearing-reset-mit-gerard-balvert\/","url":"https:\/\/www.reset-emotions.com\/de\/channeln-und-clearing-reset-mit-gerard-balvert\/","name":"Channeln mit G\u00e9rard - Reset Emotions","isPartOf":{"@id":"https:\/\/www.reset-emotions.com\/#website"},"primaryImageOfPage":{"@id":"https:\/\/www.reset-emotions.com\/de\/channeln-und-clearing-reset-mit-gerard-balvert\/#primaryimage"},"image":{"@id":"https:\/\/www.reset-emotions.com\/de\/channeln-und-clearing-reset-mit-gerard-balvert\/#primaryimage"},"thumbnailUrl":"https:\/\/www.reset-emotions.nl\/wp-content\/uploads\/2026\/02\/Gerard-e1770902969543.jpg","datePublished":"2026-02-12T15:37:03+00:00","dateModified":"2026-02-22T17:36:43+00:00","description":"Channeln und Clearing (Reset) mit G\u00e9rard Balvert. Was ist meine Mission hier auf der Erde? Ist der Job, den ich jetzt habe richtig f\u00fcr mich. auch online","breadcrumb":{"@id":"https:\/\/www.reset-emotions.com\/de\/channeln-und-clearing-reset-mit-gerard-balvert\/#breadcrumb"},"inLanguage":"de","potentialAction":[{"@type":"ReadAction","target":["https:\/\/www.reset-emotions.com\/de\/channeln-und-clearing-reset-mit-gerard-balvert\/"]}]},{"@type":"ImageObject","inLanguage":"de","@id":"https:\/\/www.reset-emotions.com\/de\/channeln-und-clearing-reset-mit-gerard-balvert\/#primaryimage","url":"https:\/\/www.reset-emotions.nl\/wp-content\/uploads\/2026\/02\/Gerard-e1770902969543.jpg","contentUrl":"https:\/\/www.reset-emotions.nl\/wp-content\/uploads\/2026\/02\/Gerard-e1770902969543.jpg"},{"@type":"BreadcrumbList","@id":"https:\/\/www.reset-emotions.com\/de\/channeln-und-clearing-reset-mit-gerard-balvert\/#breadcrumb","itemListElement":[{"@type":"ListItem","position":1,"name":"Home","item":"https:\/\/www.reset-emotions.com\/de\/"},{"@type":"ListItem","position":2,"name":"Channeln mit G\u00e9rard"}]},{"@type":"WebSite","@id":"https:\/\/www.reset-emotions.com\/#website","url":"https:\/\/www.reset-emotions.com\/","name":"Reset Emotions","description":"","potentialAction":[{"@type":"SearchAction","target":{"@type":"EntryPoint","urlTemplate":"https:\/\/www.reset-emotions.com\/?s={search_term_string}"},"query-input":{"@type":"PropertyValueSpecification","valueRequired":true,"valueName":"search_term_string"}}],"inLanguage":"de"}]}},"_links":{"self":[{"href":"https:\/\/www.reset-emotions.com\/de\/wp-json\/wp\/v2\/pages\/4036","targetHints":{"allow":["GET"]}}],"collection":[{"href":"https:\/\/www.reset-emotions.com\/de\/wp-json\/wp\/v2\/pages"}],"about":[{"href":"https:\/\/www.reset-emotions.com\/de\/wp-json\/wp\/v2\/types\/page"}],"author":[{"embeddable":true,"href":"https:\/\/www.reset-emotions.com\/de\/wp-json\/wp\/v2\/users\/2"}],"replies":[{"embeddable":true,"href":"https:\/\/www.reset-emotions.com\/de\/wp-json\/wp\/v2\/comments?post=4036"}],"version-history":[{"count":7,"href":"https:\/\/www.reset-emotions.com\/de\/wp-json\/wp\/v2\/pages\/4036\/revisions"}],"predecessor-version":[{"id":4213,"href":"https:\/\/www.reset-emotions.com\/de\/wp-json\/wp\/v2\/pages\/4036\/revisions\/4213"}],"wp:attachment":[{"href":"https:\/\/www.reset-emotions.com\/de\/wp-json\/wp\/v2\/media?parent=4036"}],"curies":[{"name":"wp","href":"https:\/\/api.w.org\/{rel}","templated":true}]}}