{"id":3882,"date":"2026-02-08T16:53:51","date_gmt":"2026-02-08T15:53:51","guid":{"rendered":"https:\/\/www.reset-emotions.nl\/?page_id=3882"},"modified":"2026-02-22T18:44:53","modified_gmt":"2026-02-22T17:44:53","slug":"newsletters-ueber-jin-shin-jyutsu-und-schuessler-salze-therapie","status":"publish","type":"page","link":"https:\/\/www.reset-emotions.com\/de\/newsletters-ueber-jin-shin-jyutsu-und-schuessler-salze-therapie\/","title":{"rendered":"Newsletter"},"content":{"rendered":"<p>Regelm\u00e4\u00dfig ver\u00f6ffentliche ich einen kostenlosen Newsletter \u00fcber <a href=\"https:\/\/www.reset-emotions.nl\/de\/jin-shin-jyutsu-reset-emotions-japanische-heilweise-fuer-koerperlichen-emotionellen-beschwerden\/\">Jin Shin Jyutsu\u00ae<\/a> und <a href=\"https:\/\/www.reset-emotions.com\/de\/dr-schuessler-salze-therapie-auch-online\/\">Sch\u00fcssler <span style=\"font-size: revert; color: initial;\">Salze Therapie <\/span><\/a><span style=\"font-size: revert; color: initial;\">sowie <\/span><a href=\"https:\/\/www.reset-emotions.com\/de\/reset-ueber-die-finger\/\">Reset \u00fcber die Finger<span style=\"font-size: revert; color: initial;\">.<\/span><\/a><\/p>\n<p>Hier erhalten Sie Informationen und n\u00fctzliche Tipps, die Sie selbst anwenden k\u00f6nnen, und erfahren mehr \u00fcber die Aktivit\u00e4ten von Reset-Emotions, wie zum Beispiel Workshops und Behandlungen.<\/p>\n<p><img decoding=\"async\" class=\"size-thumbnail wp-image-223\" style=\"color: initial;\" src=\"https:\/\/www.reset-emotions.nl\/wp-content\/uploads\/2014\/11\/emotionspijl-150x150.jpg\" alt=\"Emotions Logic\" width=\"150\" height=\"150\" srcset=\"https:\/\/www.reset-emotions.com\/wp-content\/uploads\/2014\/11\/emotionspijl-150x150.jpg 150w, https:\/\/www.reset-emotions.com\/wp-content\/uploads\/2014\/11\/emotionspijl-250x250.jpg 250w, https:\/\/www.reset-emotions.com\/wp-content\/uploads\/2014\/11\/emotionspijl-45x45.jpg 45w\" sizes=\"(max-width: 150px) 100vw, 150px\" \/><\/p>\n<p>Emotions LogicM\u00f6chten Sie diesen trendigen Newsletter von Reset Emotions auch erhalten? Hinterlassen Sie dann die untenstehenden Daten und erhalten Sie unsere Neuigkeiten automatisch! Der Newsletter ist auf Niederl\u00e4ndisch, da ich ihn nur in einer Sprache verbreiten kann. Sie k\u00f6nnen ihn ganz einfach mit Google Translate \u00fcbersetzen oder mir eine Nachricht schicken, und Sie erhalten von mir die \u00dcbersetzung als PDF.<\/p>\n<h6><em>Sie k\u00f6nnen sicher sein, dass Reset Emotions Ihre Daten nicht an Dritte weitergeben wird und sie nur f\u00fcr den vereinbarten Zweck verwendet. Wenn Sie Fragen haben oder die erteilte Einwilligung widerrufen m\u00f6chten, gen\u00fcgt eine E-Mail an mich, oder Sie k\u00f6nnen dies im Newsletter anklicken. Sie werden dann keinen Newsletter mehr von mir erhalten.<\/em><\/h6>\n<p><!-- Begin MailChimp Signup Form --><\/p>\n<div id=\"mc_embed_signup\">\n<form id=\"mc-embedded-subscribe-form\" class=\"validate\" action=\"\/\/reset-emotions.us10.list-manage.com\/subscribe\/post?u=8f167cb202f3cab01ad6d643b&amp;id=d5b403bd1f\" method=\"post\" name=\"mc-embedded-subscribe-form\" novalidate=\"\" target=\"_blank\">\n<div id=\"mc_embed_signup_scroll\">\n<div class=\"indicates-required\"><span class=\"asterisk\">*<\/span> indicates required<\/div>\n<div class=\"mc-field-group\"><label for=\"mce-EMAIL\">E-mailadres <span class=\"asterisk\">*<\/span><br \/>\n<\/label><br \/>\n<input id=\"mce-EMAIL\" class=\"required email\" name=\"EMAIL\" type=\"email\" value=\"\" \/><\/div>\n<div class=\"mc-field-group\"><label for=\"mce-FNAME\">Voornaam <\/label><br \/>\n<input id=\"mce-FNAME\" name=\"FNAME\" type=\"text\" value=\"\" \/><\/div>\n<div class=\"mc-field-group\"><label for=\"mce-LNAME\">Achternaam <\/label><br \/>\n<input id=\"mce-LNAME\" name=\"LNAME\" type=\"text\" value=\"\" \/><\/div>\n<div id=\"mce-responses\" class=\"clear\"><\/div>\n<p><!-- real people should not fill this in and expect good things - do not remove this or risk form bot signups--><\/p>\n<div style=\"position: absolute; left: -5000px;\"><input tabindex=\"-1\" name=\"b_8f167cb202f3cab01ad6d643b_d5b403bd1f\" type=\"text\" value=\"\" \/><\/div>\n<div class=\"clear\"><input id=\"mc-embedded-subscribe\" class=\"button\" name=\"subscribe\" type=\"submit\" value=\"Verzenden\" \/><\/div>\n<\/div>\n<\/form>\n<\/div>\n<p><!--End mc_embed_signup--><\/p>\n","protected":false},"excerpt":{"rendered":"<p>Regelm\u00e4\u00dfig ver\u00f6ffentliche ich einen kostenlosen Newsletter \u00fcber Jin Shin Jyutsu\u00ae und Sch\u00fcssler Salze Therapie sowie Reset \u00fcber die Finger. Hier erhalten Sie Informationen und n\u00fctzliche Tipps, die Sie selbst anwenden k\u00f6nnen, und erfahren mehr \u00fcber die Aktivit\u00e4ten von Reset-Emotions, wie zum Beispiel Workshops und Behandlungen. Emotions LogicM\u00f6chten Sie diesen trendigen Newsletter von Reset Emotions auch <a class=\"read-more\" href=\"https:\/\/www.reset-emotions.com\/de\/newsletters-ueber-jin-shin-jyutsu-und-schuessler-salze-therapie\/\">(Lees verder)<\/a><\/p>\n","protected":false},"author":2,"featured_media":0,"parent":0,"menu_order":0,"comment_status":"closed","ping_status":"closed","template":"","meta":{"_genesis_hide_title":false,"_genesis_hide_breadcrumbs":false,"_genesis_hide_singular_image":false,"_genesis_hide_footer_widgets":false,"_genesis_custom_body_class":"","_genesis_custom_post_class":"","_genesis_layout":"","footnotes":""},"class_list":{"0":"post-3882","1":"page","2":"type-page","3":"status-publish","5":"entry","6":"has-post-thumbnail"},"yoast_head":"<!-- This site is optimized with the Yoast SEO plugin v27.4 - https:\/\/yoast.com\/product\/yoast-seo-wordpress\/ -->\n<title>Newsletter - Reset Emotions<\/title>\n<meta name=\"description\" content=\"N\u00fctzliche Tipps in Newsletter von Reset Emotions, \u00fcber Jin Shin Jyutsu, Sch\u00fcssler Salze Therapie und Reset \u00fcber die Vinger\" \/>\n<meta name=\"robots\" content=\"index, follow, max-snippet:-1, max-image-preview:large, max-video-preview:-1\" \/>\n<link rel=\"canonical\" href=\"https:\/\/www.reset-emotions.com\/de\/newsletters-ueber-jin-shin-jyutsu-und-schuessler-salze-therapie\/\" \/>\n<meta property=\"og:locale\" content=\"de_DE\" \/>\n<meta property=\"og:type\" content=\"article\" \/>\n<meta property=\"og:title\" content=\"Newsletter - Reset Emotions\" \/>\n<meta property=\"og:description\" content=\"N\u00fctzliche Tipps in Newsletter von Reset Emotions, \u00fcber Jin Shin Jyutsu, Sch\u00fcssler Salze Therapie und Reset \u00fcber die Vinger\" \/>\n<meta property=\"og:url\" content=\"https:\/\/www.reset-emotions.com\/de\/newsletters-ueber-jin-shin-jyutsu-und-schuessler-salze-therapie\/\" \/>\n<meta property=\"og:site_name\" content=\"Reset Emotions\" \/>\n<meta property=\"article:modified_time\" content=\"2026-02-22T17:44:53+00:00\" \/>\n<meta property=\"og:image\" content=\"https:\/\/www.reset-emotions.nl\/wp-content\/uploads\/2014\/11\/emotionspijl-150x150.jpg\" \/>\n<meta name=\"twitter:label1\" content=\"Gesch\u00e4tzte Lesezeit\" \/>\n\t<meta name=\"twitter:data1\" content=\"2\u00a0Minuten\" \/>\n<script type=\"application\/ld+json\" class=\"yoast-schema-graph\">{\"@context\":\"https:\\\/\\\/schema.org\",\"@graph\":[{\"@type\":\"WebPage\",\"@id\":\"https:\\\/\\\/www.reset-emotions.com\\\/de\\\/newsletters-ueber-jin-shin-jyutsu-und-schuessler-salze-therapie\\\/\",\"url\":\"https:\\\/\\\/www.reset-emotions.com\\\/de\\\/newsletters-ueber-jin-shin-jyutsu-und-schuessler-salze-therapie\\\/\",\"name\":\"Newsletter - Reset Emotions\",\"isPartOf\":{\"@id\":\"https:\\\/\\\/www.reset-emotions.com\\\/#website\"},\"primaryImageOfPage\":{\"@id\":\"https:\\\/\\\/www.reset-emotions.com\\\/de\\\/newsletters-ueber-jin-shin-jyutsu-und-schuessler-salze-therapie\\\/#primaryimage\"},\"image\":{\"@id\":\"https:\\\/\\\/www.reset-emotions.com\\\/de\\\/newsletters-ueber-jin-shin-jyutsu-und-schuessler-salze-therapie\\\/#primaryimage\"},\"thumbnailUrl\":\"https:\\\/\\\/www.reset-emotions.nl\\\/wp-content\\\/uploads\\\/2014\\\/11\\\/emotionspijl-150x150.jpg\",\"datePublished\":\"2026-02-08T15:53:51+00:00\",\"dateModified\":\"2026-02-22T17:44:53+00:00\",\"description\":\"N\u00fctzliche Tipps in Newsletter von Reset Emotions, \u00fcber Jin Shin Jyutsu, Sch\u00fcssler Salze Therapie und Reset \u00fcber die Vinger\",\"breadcrumb\":{\"@id\":\"https:\\\/\\\/www.reset-emotions.com\\\/de\\\/newsletters-ueber-jin-shin-jyutsu-und-schuessler-salze-therapie\\\/#breadcrumb\"},\"inLanguage\":\"de\",\"potentialAction\":[{\"@type\":\"ReadAction\",\"target\":[\"https:\\\/\\\/www.reset-emotions.com\\\/de\\\/newsletters-ueber-jin-shin-jyutsu-und-schuessler-salze-therapie\\\/\"]}]},{\"@type\":\"ImageObject\",\"inLanguage\":\"de\",\"@id\":\"https:\\\/\\\/www.reset-emotions.com\\\/de\\\/newsletters-ueber-jin-shin-jyutsu-und-schuessler-salze-therapie\\\/#primaryimage\",\"url\":\"https:\\\/\\\/www.reset-emotions.nl\\\/wp-content\\\/uploads\\\/2014\\\/11\\\/emotionspijl-150x150.jpg\",\"contentUrl\":\"https:\\\/\\\/www.reset-emotions.nl\\\/wp-content\\\/uploads\\\/2014\\\/11\\\/emotionspijl-150x150.jpg\"},{\"@type\":\"BreadcrumbList\",\"@id\":\"https:\\\/\\\/www.reset-emotions.com\\\/de\\\/newsletters-ueber-jin-shin-jyutsu-und-schuessler-salze-therapie\\\/#breadcrumb\",\"itemListElement\":[{\"@type\":\"ListItem\",\"position\":1,\"name\":\"Home\",\"item\":\"https:\\\/\\\/www.reset-emotions.com\\\/de\\\/\"},{\"@type\":\"ListItem\",\"position\":2,\"name\":\"Newsletter\"}]},{\"@type\":\"WebSite\",\"@id\":\"https:\\\/\\\/www.reset-emotions.com\\\/#website\",\"url\":\"https:\\\/\\\/www.reset-emotions.com\\\/\",\"name\":\"Reset Emotions\",\"description\":\"\",\"potentialAction\":[{\"@type\":\"SearchAction\",\"target\":{\"@type\":\"EntryPoint\",\"urlTemplate\":\"https:\\\/\\\/www.reset-emotions.com\\\/?s={search_term_string}\"},\"query-input\":{\"@type\":\"PropertyValueSpecification\",\"valueRequired\":true,\"valueName\":\"search_term_string\"}}],\"inLanguage\":\"de\"}]}<\/script>\n<!-- \/ Yoast SEO plugin. -->","yoast_head_json":{"title":"Newsletter - Reset Emotions","description":"N\u00fctzliche Tipps in Newsletter von Reset Emotions, \u00fcber Jin Shin Jyutsu, Sch\u00fcssler Salze Therapie und Reset \u00fcber die Vinger","robots":{"index":"index","follow":"follow","max-snippet":"max-snippet:-1","max-image-preview":"max-image-preview:large","max-video-preview":"max-video-preview:-1"},"canonical":"https:\/\/www.reset-emotions.com\/de\/newsletters-ueber-jin-shin-jyutsu-und-schuessler-salze-therapie\/","og_locale":"de_DE","og_type":"article","og_title":"Newsletter - Reset Emotions","og_description":"N\u00fctzliche Tipps in Newsletter von Reset Emotions, \u00fcber Jin Shin Jyutsu, Sch\u00fcssler Salze Therapie und Reset \u00fcber die Vinger","og_url":"https:\/\/www.reset-emotions.com\/de\/newsletters-ueber-jin-shin-jyutsu-und-schuessler-salze-therapie\/","og_site_name":"Reset Emotions","article_modified_time":"2026-02-22T17:44:53+00:00","og_image":[{"url":"https:\/\/www.reset-emotions.nl\/wp-content\/uploads\/2014\/11\/emotionspijl-150x150.jpg","type":"","width":"","height":""}],"twitter_misc":{"Gesch\u00e4tzte Lesezeit":"2\u00a0Minuten"},"schema":{"@context":"https:\/\/schema.org","@graph":[{"@type":"WebPage","@id":"https:\/\/www.reset-emotions.com\/de\/newsletters-ueber-jin-shin-jyutsu-und-schuessler-salze-therapie\/","url":"https:\/\/www.reset-emotions.com\/de\/newsletters-ueber-jin-shin-jyutsu-und-schuessler-salze-therapie\/","name":"Newsletter - Reset Emotions","isPartOf":{"@id":"https:\/\/www.reset-emotions.com\/#website"},"primaryImageOfPage":{"@id":"https:\/\/www.reset-emotions.com\/de\/newsletters-ueber-jin-shin-jyutsu-und-schuessler-salze-therapie\/#primaryimage"},"image":{"@id":"https:\/\/www.reset-emotions.com\/de\/newsletters-ueber-jin-shin-jyutsu-und-schuessler-salze-therapie\/#primaryimage"},"thumbnailUrl":"https:\/\/www.reset-emotions.nl\/wp-content\/uploads\/2014\/11\/emotionspijl-150x150.jpg","datePublished":"2026-02-08T15:53:51+00:00","dateModified":"2026-02-22T17:44:53+00:00","description":"N\u00fctzliche Tipps in Newsletter von Reset Emotions, \u00fcber Jin Shin Jyutsu, Sch\u00fcssler Salze Therapie und Reset \u00fcber die Vinger","breadcrumb":{"@id":"https:\/\/www.reset-emotions.com\/de\/newsletters-ueber-jin-shin-jyutsu-und-schuessler-salze-therapie\/#breadcrumb"},"inLanguage":"de","potentialAction":[{"@type":"ReadAction","target":["https:\/\/www.reset-emotions.com\/de\/newsletters-ueber-jin-shin-jyutsu-und-schuessler-salze-therapie\/"]}]},{"@type":"ImageObject","inLanguage":"de","@id":"https:\/\/www.reset-emotions.com\/de\/newsletters-ueber-jin-shin-jyutsu-und-schuessler-salze-therapie\/#primaryimage","url":"https:\/\/www.reset-emotions.nl\/wp-content\/uploads\/2014\/11\/emotionspijl-150x150.jpg","contentUrl":"https:\/\/www.reset-emotions.nl\/wp-content\/uploads\/2014\/11\/emotionspijl-150x150.jpg"},{"@type":"BreadcrumbList","@id":"https:\/\/www.reset-emotions.com\/de\/newsletters-ueber-jin-shin-jyutsu-und-schuessler-salze-therapie\/#breadcrumb","itemListElement":[{"@type":"ListItem","position":1,"name":"Home","item":"https:\/\/www.reset-emotions.com\/de\/"},{"@type":"ListItem","position":2,"name":"Newsletter"}]},{"@type":"WebSite","@id":"https:\/\/www.reset-emotions.com\/#website","url":"https:\/\/www.reset-emotions.com\/","name":"Reset Emotions","description":"","potentialAction":[{"@type":"SearchAction","target":{"@type":"EntryPoint","urlTemplate":"https:\/\/www.reset-emotions.com\/?s={search_term_string}"},"query-input":{"@type":"PropertyValueSpecification","valueRequired":true,"valueName":"search_term_string"}}],"inLanguage":"de"}]}},"_links":{"self":[{"href":"https:\/\/www.reset-emotions.com\/de\/wp-json\/wp\/v2\/pages\/3882","targetHints":{"allow":["GET"]}}],"collection":[{"href":"https:\/\/www.reset-emotions.com\/de\/wp-json\/wp\/v2\/pages"}],"about":[{"href":"https:\/\/www.reset-emotions.com\/de\/wp-json\/wp\/v2\/types\/page"}],"author":[{"embeddable":true,"href":"https:\/\/www.reset-emotions.com\/de\/wp-json\/wp\/v2\/users\/2"}],"replies":[{"embeddable":true,"href":"https:\/\/www.reset-emotions.com\/de\/wp-json\/wp\/v2\/comments?post=3882"}],"version-history":[{"count":4,"href":"https:\/\/www.reset-emotions.com\/de\/wp-json\/wp\/v2\/pages\/3882\/revisions"}],"predecessor-version":[{"id":4215,"href":"https:\/\/www.reset-emotions.com\/de\/wp-json\/wp\/v2\/pages\/3882\/revisions\/4215"}],"wp:attachment":[{"href":"https:\/\/www.reset-emotions.com\/de\/wp-json\/wp\/v2\/media?parent=3882"}],"curies":[{"name":"wp","href":"https:\/\/api.w.org\/{rel}","templated":true}]}}