{"id":3775,"date":"2026-02-03T11:23:39","date_gmt":"2026-02-03T10:23:39","guid":{"rendered":"https:\/\/www.reset-emotions.nl\/?page_id=3775"},"modified":"2026-02-15T18:45:31","modified_gmt":"2026-02-15T17:45:31","slug":"jin-shin-jyutsu-reset-emotions-japanische-heilweise-fuer-koerperlichen-emotionellen-beschwerden","status":"publish","type":"page","link":"https:\/\/www.reset-emotions.com\/de\/jin-shin-jyutsu-reset-emotions-japanische-heilweise-fuer-koerperlichen-emotionellen-beschwerden\/","title":{"rendered":"Jin Shin Jyutsu\u00ae"},"content":{"rendered":"<h2><span lang=\"EN-GB\"><span style=\"color: #000000; font-family: Cambria;\">Was ist Jin Shin Jyutsu\u00ae<\/span><\/span><\/h2>\n<p><span style=\"color: #000000; font-family: Cambria;\">sprich aus <\/span><span style=\"margin: 0px; color: #f79646; font-family: 'Patrick Hand SC','serif'; font-size: 19.5pt;\">Jin Sjin Joetsoe<\/span><\/p>\n<p>Jin Shin Jyutsu bedeutet w\u00f6rtlich: Die Kunst, mir selbst zu helfen.<\/p>\n<h4>Jin: ist der wissende Mensch, Mitgef\u00fchl:<\/h4>\n<h4>Shin: ist der Sch\u00f6pfer<\/h4>\n<h4>Jyutsu: ist Kunst.<\/h4>\n<p>Jeder hat die angeborene F\u00e4higkeit, sein eigenes energetisches Gleichgewicht herzustellen und zu bewahren. Mit anderen Worten: kenne dich selbst und hilf dir selbst.<\/p>\n<p>Jin Shin Jyutsu ist eine jahrhundertealte japanische Lebenskunst bzw. Heilweise, die auf dem Prinzip basiert, dass die Energie frei durch den K\u00f6rper flie\u00dfen muss. Dadurch wird die Selbstheilungskraft von Menschen oder Tieren aktiviert. Wenn Blockaden entstehen, bekommt man Beschwerden auf k\u00f6rperlicher, geistiger und\/oder spiritueller Ebene und kann krank werden. 1954 brachte Mary Burmeister Jin Shin Jyutsu nach Amerika. Sie lernte 12 Jahre bei Jiro Murai in Japan und hat es weiterentwickelt und bekannt gemacht.<\/p>\n<div id=\"attachment_552\" style=\"width: 310px\" class=\"wp-caption aligncenter\"><img decoding=\"async\" aria-describedby=\"caption-attachment-552\" class=\"size-medium wp-image-552\" src=\"https:\/\/www.reset-emotions.nl\/wp-content\/uploads\/2015\/10\/boom-JSJ-2-300x169.jpg\" alt=\"Jin Shin Jyutsu. Reset Emotions\" width=\"300\" height=\"169\" \/><p id=\"caption-attachment-552\" class=\"wp-caption-text\">Jin Shin Jyutsu\/ \u00a0Reset Emotions<\/p><\/div>\n<p>JSJ (Jin Shin Jyutsu) ist am ehesten mit Akupunktur vergleichbar, au\u00dfer dass es nicht mit Nadeln, sondern mit H\u00e4nden\/Fingern arbeitet. Beide stammen urspr\u00fcnglich aus Japan.<\/p>\n<p>JSJ wird als &#8222;Kunst&#8220; betrachtet und erfordert ein tiefes Verst\u00e4ndnis sowie einen flexiblen kreativen Ansatz. Schlie\u00dflich ist jeder anders, und das erfordert einen anderen Ansatz f\u00fcr jeden, auch f\u00fcr die Beschwerde.<\/p>\n<p>Bei JSJ fungieren die H\u00e4nde als Starthilfekabeln, wodurch die kosmische Lebensenergie flie\u00dft. (Man kann dabei an eine Batterie denken). Die H\u00e4nde werden auf die Energieschl\u00f6sser gelegt. Unsere Gesundheit h\u00e4ngt vom freien Durchfluss dieser Lebensenergie in unserem K\u00f6rper, Gehirn und Geist ab. Diese Energie bewegt sich durch den K\u00f6rper entlang klarer Bahnen (Meridiane), die \u201eStr\u00f6me\u201c genannt werden. Beim Jin Shin Jyutsu gibt es Organ-Energiestromungen und viele spezifische Str\u00f6me, die universell einsetzbar sind.<\/p>\n<p>Energiepunkte werden bei JSJ Sicherheitsenergieschl\u00f6sser genannt, die sich schlie\u00dfen, wenn es unserem K\u00f6rper nicht gut geht. Sie fungieren wie Stromunterbrecher und schlie\u00dfen, um uns zu warnen. Dadurch k\u00f6nnen wir Schmerzen oder Spannungen, also Beschwerden, in dem K\u00f6rperteil erfahren, das mit dem Schloss verbunden ist. Wenn wir nichts dagegen unternehmen, k\u00f6nnen sich die Beschwerden weiter im System ausbreiten.<\/p>\n<div id=\"attachment_1183\" style=\"width: 228px\" class=\"wp-caption alignnone\"><img decoding=\"async\" aria-describedby=\"caption-attachment-1183\" class=\"wp-image-1183 size-medium\" src=\"https:\/\/www.reset-emotions.nl\/wp-content\/uploads\/2018\/01\/De-26-veiligheids-energiesloten-218x300.png\" alt=\"de 2x 26 veiligheids- energiesloten\" width=\"218\" height=\"300\" \/><p id=\"caption-attachment-1183\" class=\"wp-caption-text\">die 2x 26 Sicherheits-Energieschl\u00f6sser<\/p><\/div>\n<p>Das Hindernis, das zu physischer, mentaler und emotionaler Disharmonie f\u00fchrt, entsteht aus einer Emotion. Es gibt f\u00fcnf Basisemotionen:<\/p>\n<ol>\n<li><span style=\"color: #800000;\">Sorgen<\/span><\/li>\n<li><span style=\"color: #800000;\"><span style=\"color: #800000;\">Angst<\/span><\/span>\n<p><div id=\"attachment_811\" style=\"width: 160px\" class=\"wp-caption alignright\"><img decoding=\"async\" aria-describedby=\"caption-attachment-811\" class=\"size-thumbnail wp-image-811\" src=\"https:\/\/www.reset-emotions.nl\/wp-content\/uploads\/2015\/10\/logo-reset-emotions-transparant-150x150.png\" alt=\"Reset Emotions, Ansac sur Vienne, France\" width=\"150\" height=\"150\" srcset=\"https:\/\/www.reset-emotions.com\/wp-content\/uploads\/2015\/10\/logo-reset-emotions-transparant-150x150.png 150w, https:\/\/www.reset-emotions.com\/wp-content\/uploads\/2015\/10\/logo-reset-emotions-transparant-250x250.png 250w, https:\/\/www.reset-emotions.com\/wp-content\/uploads\/2015\/10\/logo-reset-emotions-transparant-45x45.png 45w\" sizes=\"(max-width: 150px) 100vw, 150px\" \/><p id=\"caption-attachment-811\" class=\"wp-caption-text\">Reset Emotions,<\/p><\/div><\/li>\n<li><span style=\"color: #800000;\">Wut<\/span><\/li>\n<li>Traurigkeit<\/li>\n<li>So tun als ob \/ sich M\u00fche geben<\/li>\n<\/ol>\n<p>Durch das \u201eFlie\u00dfen\u201c kann die Energie wieder str\u00f6men und Blockaden werden aufgehoben. Der K\u00f6rper kommt wieder ins Gleichgewicht. Au\u00dferdem werden Widerst\u00e4nde aufgehoben, da du mehr mit dir selbst in Kontakt kommst und dich dadurch besser kennenlernst, wodurch du widerstandsf\u00e4higer und flexibler wirst.<\/p>\n<p>Jin Shin Jyutsu kann bei nahezu allen k\u00f6rperlichen und emotionalen Beschwerden angewendet werden. Denken Sie zum Beispiel an Kopfschmerzen, R\u00fccken- und Schulterschmerzen, Hormonst\u00f6rungen, \u00dcbergewicht, Unfruchtbarkeit, zum Beispiel durch Hormonungleichgewicht. Es unterst\u00fctzt bei Chemotherapie, Autoimmunerkrankungen, Burnout, Arthritis, RSI, Gleichgewichtsproblemen usw. Ich kann hier nicht alles aufz\u00e4hlen, aber fragen Sie gerne unverbindlich nach den M\u00f6glichkeiten \u00fcber mein Kontaktformular oder einen Anruf. Hinweis: Die Behandlung kann auch sehr gut online durchgef\u00fchrt werden.<\/p>\n<p>Es ist sehr gut, sich regelm\u00e4\u00dfig \u201edurchstr\u00f6men\u201c zu lassen. Genau wie ein Auto ben\u00f6tigt der K\u00f6rper st\u00e4ndig Wartung, es kann auch vorbeugend angewendet werden und st\u00e4rkt das Immunsystem.<\/p>\n<p>Erleben Sie selbst den Unterschied und buchen Sie eine Sitzung!<\/p>\n<div id=\"attachment_2227\" style=\"width: 310px\" class=\"wp-caption aligncenter\"><img decoding=\"async\" aria-describedby=\"caption-attachment-2227\" class=\"size-full wp-image-2227\" src=\"https:\/\/www.reset-emotions.com\/wp-content\/uploads\/2020\/01\/de-stroomkamer-voor-website.jpg\" alt=\"jin shin jyutsu stroomruimte\" width=\"300\" height=\"227\" \/><p id=\"caption-attachment-2227\" class=\"wp-caption-text\">mein Behandlungszimmer<\/p><\/div>\n<p>Ich gebe, falls gew\u00fcnscht, einfache &#8222;Strom\u00fcbungen&#8220; mit, die entspannend wirken, zu Hause durchgef\u00fchrt werden k\u00f6nnen, die wiederum zu deiner Gesundheit und deinem Wohlbefinden beitragen und au\u00dferdem den Prozess beschleunigen.<\/p>\n<div id=\"attachment_554\" style=\"width: 243px\" class=\"wp-caption alignnone\"><img decoding=\"async\" aria-describedby=\"caption-attachment-554\" class=\"size-medium wp-image-554\" src=\"https:\/\/www.reset-emotions.nl\/wp-content\/uploads\/2015\/10\/JSJ-voor-website-3-233x300.jpg\" alt=\"JSJ Reset Emotions\" width=\"233\" height=\"300\" \/><p id=\"caption-attachment-554\" class=\"wp-caption-text\">Jin Shin Jyutsu\/ \u00a0Reset Emotions<\/p><\/div>\n<p>Eine Behandlung dauert anderthalb Stunden und kostet 65 \u20ac.<\/p>\n<p>Der Kunde legt sich entspannt auf die Massageliege (mit Kleidung) und muss sonst nichts tun. Die Behandlung wirkt entspannend und gibt Energie. Wenn Sie online w\u00e4hlen, werden Sie aus der Ferne energetisch behandelt.<\/p>\n<p>Wenn Sie Fragen haben oder eine Behandlung w\u00fcnschen, k\u00f6nnen Sie mir \u00fcber den Button unten in der Leiste eine WhatsApp-Nachricht schicken oder das Kontaktformular auf meiner Website nutzen..<\/p>\n<p><em>N.B. Eine Behandlung sollte als Erg\u00e4nzung zur regul\u00e4ren Gesundheitsversorgung gesehen werden und nicht als deren Ersatz. Konsultieren Sie bei Beschwerden immer Ihren Arzt.<\/em><\/p>\n","protected":false},"excerpt":{"rendered":"<p>Was ist Jin Shin Jyutsu\u00ae sprich aus Jin Sjin Joetsoe Jin Shin Jyutsu bedeutet w\u00f6rtlich: Die Kunst, mir selbst zu helfen. Jin: ist der wissende Mensch, Mitgef\u00fchl: Shin: ist der Sch\u00f6pfer Jyutsu: ist Kunst. Jeder hat die angeborene F\u00e4higkeit, sein eigenes energetisches Gleichgewicht herzustellen und zu bewahren. Mit anderen Worten: kenne dich selbst und hilf <a class=\"read-more\" href=\"https:\/\/www.reset-emotions.com\/de\/jin-shin-jyutsu-reset-emotions-japanische-heilweise-fuer-koerperlichen-emotionellen-beschwerden\/\">(Lees verder)<\/a><\/p>\n","protected":false},"author":2,"featured_media":553,"parent":0,"menu_order":0,"comment_status":"closed","ping_status":"closed","template":"","meta":{"_genesis_hide_title":false,"_genesis_hide_breadcrumbs":false,"_genesis_hide_singular_image":false,"_genesis_hide_footer_widgets":false,"_genesis_custom_body_class":"","_genesis_custom_post_class":"","_genesis_layout":"","footnotes":""},"class_list":{"0":"post-3775","1":"page","2":"type-page","3":"status-publish","4":"has-post-thumbnail","6":"entry"},"yoast_head":"<!-- This site is optimized with the Yoast SEO plugin v27.4 - https:\/\/yoast.com\/product\/yoast-seo-wordpress\/ -->\n<title>Jin Shin Jyutsu\u00ae - Reset Emotions<\/title>\n<meta name=\"description\" content=\"jin-shin-jyutsu Reset Emotions Heilweise, die auf dem Prinzip basiert, dass die Energie frei durch den K\u00f6rper flie\u00dfen muss.\" \/>\n<meta name=\"robots\" content=\"index, follow, max-snippet:-1, max-image-preview:large, max-video-preview:-1\" \/>\n<link rel=\"canonical\" href=\"https:\/\/www.reset-emotions.com\/de\/jin-shin-jyutsu-reset-emotions-japanische-heilweise-fuer-koerperlichen-emotionellen-beschwerden\/\" \/>\n<meta property=\"og:locale\" content=\"de_DE\" \/>\n<meta property=\"og:type\" content=\"article\" \/>\n<meta property=\"og:title\" content=\"Jin Shin Jyutsu\u00ae - Reset Emotions\" \/>\n<meta property=\"og:description\" content=\"jin-shin-jyutsu Reset Emotions Heilweise, die auf dem Prinzip basiert, dass die Energie frei durch den K\u00f6rper flie\u00dfen muss.\" \/>\n<meta property=\"og:url\" content=\"https:\/\/www.reset-emotions.com\/de\/jin-shin-jyutsu-reset-emotions-japanische-heilweise-fuer-koerperlichen-emotionellen-beschwerden\/\" \/>\n<meta property=\"og:site_name\" content=\"Reset Emotions\" \/>\n<meta property=\"article:modified_time\" content=\"2026-02-15T17:45:31+00:00\" \/>\n<meta property=\"og:image\" content=\"https:\/\/www.reset-emotions.com\/wp-content\/uploads\/2015\/10\/boom-JSJ-2-1024x576.jpg\" \/>\n\t<meta property=\"og:image:width\" content=\"1024\" \/>\n\t<meta property=\"og:image:height\" content=\"576\" \/>\n\t<meta property=\"og:image:type\" content=\"image\/jpeg\" \/>\n<meta name=\"twitter:label1\" content=\"Gesch\u00e4tzte Lesezeit\" \/>\n\t<meta name=\"twitter:data1\" content=\"5\u00a0Minuten\" \/>\n<script type=\"application\/ld+json\" class=\"yoast-schema-graph\">{\"@context\":\"https:\\\/\\\/schema.org\",\"@graph\":[{\"@type\":\"WebPage\",\"@id\":\"https:\\\/\\\/www.reset-emotions.com\\\/de\\\/jin-shin-jyutsu-reset-emotions-japanische-heilweise-fuer-koerperlichen-emotionellen-beschwerden\\\/\",\"url\":\"https:\\\/\\\/www.reset-emotions.com\\\/de\\\/jin-shin-jyutsu-reset-emotions-japanische-heilweise-fuer-koerperlichen-emotionellen-beschwerden\\\/\",\"name\":\"Jin Shin Jyutsu\u00ae - Reset Emotions\",\"isPartOf\":{\"@id\":\"https:\\\/\\\/www.reset-emotions.com\\\/#website\"},\"primaryImageOfPage\":{\"@id\":\"https:\\\/\\\/www.reset-emotions.com\\\/de\\\/jin-shin-jyutsu-reset-emotions-japanische-heilweise-fuer-koerperlichen-emotionellen-beschwerden\\\/#primaryimage\"},\"image\":{\"@id\":\"https:\\\/\\\/www.reset-emotions.com\\\/de\\\/jin-shin-jyutsu-reset-emotions-japanische-heilweise-fuer-koerperlichen-emotionellen-beschwerden\\\/#primaryimage\"},\"thumbnailUrl\":\"https:\\\/\\\/www.reset-emotions.com\\\/wp-content\\\/uploads\\\/2015\\\/10\\\/boom-JSJ-2.jpg\",\"datePublished\":\"2026-02-03T10:23:39+00:00\",\"dateModified\":\"2026-02-15T17:45:31+00:00\",\"description\":\"jin-shin-jyutsu Reset Emotions Heilweise, die auf dem Prinzip basiert, dass die Energie frei durch den K\u00f6rper flie\u00dfen muss.\",\"breadcrumb\":{\"@id\":\"https:\\\/\\\/www.reset-emotions.com\\\/de\\\/jin-shin-jyutsu-reset-emotions-japanische-heilweise-fuer-koerperlichen-emotionellen-beschwerden\\\/#breadcrumb\"},\"inLanguage\":\"de\",\"potentialAction\":[{\"@type\":\"ReadAction\",\"target\":[\"https:\\\/\\\/www.reset-emotions.com\\\/de\\\/jin-shin-jyutsu-reset-emotions-japanische-heilweise-fuer-koerperlichen-emotionellen-beschwerden\\\/\"]}]},{\"@type\":\"ImageObject\",\"inLanguage\":\"de\",\"@id\":\"https:\\\/\\\/www.reset-emotions.com\\\/de\\\/jin-shin-jyutsu-reset-emotions-japanische-heilweise-fuer-koerperlichen-emotionellen-beschwerden\\\/#primaryimage\",\"url\":\"https:\\\/\\\/www.reset-emotions.com\\\/wp-content\\\/uploads\\\/2015\\\/10\\\/boom-JSJ-2.jpg\",\"contentUrl\":\"https:\\\/\\\/www.reset-emotions.com\\\/wp-content\\\/uploads\\\/2015\\\/10\\\/boom-JSJ-2.jpg\",\"width\":400,\"height\":225,\"caption\":\"?????????????\"},{\"@type\":\"BreadcrumbList\",\"@id\":\"https:\\\/\\\/www.reset-emotions.com\\\/de\\\/jin-shin-jyutsu-reset-emotions-japanische-heilweise-fuer-koerperlichen-emotionellen-beschwerden\\\/#breadcrumb\",\"itemListElement\":[{\"@type\":\"ListItem\",\"position\":1,\"name\":\"Home\",\"item\":\"https:\\\/\\\/www.reset-emotions.com\\\/de\\\/\"},{\"@type\":\"ListItem\",\"position\":2,\"name\":\"Jin Shin Jyutsu\u00ae\"}]},{\"@type\":\"WebSite\",\"@id\":\"https:\\\/\\\/www.reset-emotions.com\\\/#website\",\"url\":\"https:\\\/\\\/www.reset-emotions.com\\\/\",\"name\":\"Reset Emotions\",\"description\":\"\",\"potentialAction\":[{\"@type\":\"SearchAction\",\"target\":{\"@type\":\"EntryPoint\",\"urlTemplate\":\"https:\\\/\\\/www.reset-emotions.com\\\/?s={search_term_string}\"},\"query-input\":{\"@type\":\"PropertyValueSpecification\",\"valueRequired\":true,\"valueName\":\"search_term_string\"}}],\"inLanguage\":\"de\"}]}<\/script>\n<!-- \/ Yoast SEO plugin. -->","yoast_head_json":{"title":"Jin Shin Jyutsu\u00ae - Reset Emotions","description":"jin-shin-jyutsu Reset Emotions Heilweise, die auf dem Prinzip basiert, dass die Energie frei durch den K\u00f6rper flie\u00dfen muss.","robots":{"index":"index","follow":"follow","max-snippet":"max-snippet:-1","max-image-preview":"max-image-preview:large","max-video-preview":"max-video-preview:-1"},"canonical":"https:\/\/www.reset-emotions.com\/de\/jin-shin-jyutsu-reset-emotions-japanische-heilweise-fuer-koerperlichen-emotionellen-beschwerden\/","og_locale":"de_DE","og_type":"article","og_title":"Jin Shin Jyutsu\u00ae - Reset Emotions","og_description":"jin-shin-jyutsu Reset Emotions Heilweise, die auf dem Prinzip basiert, dass die Energie frei durch den K\u00f6rper flie\u00dfen muss.","og_url":"https:\/\/www.reset-emotions.com\/de\/jin-shin-jyutsu-reset-emotions-japanische-heilweise-fuer-koerperlichen-emotionellen-beschwerden\/","og_site_name":"Reset Emotions","article_modified_time":"2026-02-15T17:45:31+00:00","og_image":[{"width":1024,"height":576,"url":"https:\/\/www.reset-emotions.com\/wp-content\/uploads\/2015\/10\/boom-JSJ-2-1024x576.jpg","type":"image\/jpeg"}],"twitter_misc":{"Gesch\u00e4tzte Lesezeit":"5\u00a0Minuten"},"schema":{"@context":"https:\/\/schema.org","@graph":[{"@type":"WebPage","@id":"https:\/\/www.reset-emotions.com\/de\/jin-shin-jyutsu-reset-emotions-japanische-heilweise-fuer-koerperlichen-emotionellen-beschwerden\/","url":"https:\/\/www.reset-emotions.com\/de\/jin-shin-jyutsu-reset-emotions-japanische-heilweise-fuer-koerperlichen-emotionellen-beschwerden\/","name":"Jin Shin Jyutsu\u00ae - Reset Emotions","isPartOf":{"@id":"https:\/\/www.reset-emotions.com\/#website"},"primaryImageOfPage":{"@id":"https:\/\/www.reset-emotions.com\/de\/jin-shin-jyutsu-reset-emotions-japanische-heilweise-fuer-koerperlichen-emotionellen-beschwerden\/#primaryimage"},"image":{"@id":"https:\/\/www.reset-emotions.com\/de\/jin-shin-jyutsu-reset-emotions-japanische-heilweise-fuer-koerperlichen-emotionellen-beschwerden\/#primaryimage"},"thumbnailUrl":"https:\/\/www.reset-emotions.com\/wp-content\/uploads\/2015\/10\/boom-JSJ-2.jpg","datePublished":"2026-02-03T10:23:39+00:00","dateModified":"2026-02-15T17:45:31+00:00","description":"jin-shin-jyutsu Reset Emotions Heilweise, die auf dem Prinzip basiert, dass die Energie frei durch den K\u00f6rper flie\u00dfen muss.","breadcrumb":{"@id":"https:\/\/www.reset-emotions.com\/de\/jin-shin-jyutsu-reset-emotions-japanische-heilweise-fuer-koerperlichen-emotionellen-beschwerden\/#breadcrumb"},"inLanguage":"de","potentialAction":[{"@type":"ReadAction","target":["https:\/\/www.reset-emotions.com\/de\/jin-shin-jyutsu-reset-emotions-japanische-heilweise-fuer-koerperlichen-emotionellen-beschwerden\/"]}]},{"@type":"ImageObject","inLanguage":"de","@id":"https:\/\/www.reset-emotions.com\/de\/jin-shin-jyutsu-reset-emotions-japanische-heilweise-fuer-koerperlichen-emotionellen-beschwerden\/#primaryimage","url":"https:\/\/www.reset-emotions.com\/wp-content\/uploads\/2015\/10\/boom-JSJ-2.jpg","contentUrl":"https:\/\/www.reset-emotions.com\/wp-content\/uploads\/2015\/10\/boom-JSJ-2.jpg","width":400,"height":225,"caption":"?????????????"},{"@type":"BreadcrumbList","@id":"https:\/\/www.reset-emotions.com\/de\/jin-shin-jyutsu-reset-emotions-japanische-heilweise-fuer-koerperlichen-emotionellen-beschwerden\/#breadcrumb","itemListElement":[{"@type":"ListItem","position":1,"name":"Home","item":"https:\/\/www.reset-emotions.com\/de\/"},{"@type":"ListItem","position":2,"name":"Jin Shin Jyutsu\u00ae"}]},{"@type":"WebSite","@id":"https:\/\/www.reset-emotions.com\/#website","url":"https:\/\/www.reset-emotions.com\/","name":"Reset Emotions","description":"","potentialAction":[{"@type":"SearchAction","target":{"@type":"EntryPoint","urlTemplate":"https:\/\/www.reset-emotions.com\/?s={search_term_string}"},"query-input":{"@type":"PropertyValueSpecification","valueRequired":true,"valueName":"search_term_string"}}],"inLanguage":"de"}]}},"_links":{"self":[{"href":"https:\/\/www.reset-emotions.com\/de\/wp-json\/wp\/v2\/pages\/3775","targetHints":{"allow":["GET"]}}],"collection":[{"href":"https:\/\/www.reset-emotions.com\/de\/wp-json\/wp\/v2\/pages"}],"about":[{"href":"https:\/\/www.reset-emotions.com\/de\/wp-json\/wp\/v2\/types\/page"}],"author":[{"embeddable":true,"href":"https:\/\/www.reset-emotions.com\/de\/wp-json\/wp\/v2\/users\/2"}],"replies":[{"embeddable":true,"href":"https:\/\/www.reset-emotions.com\/de\/wp-json\/wp\/v2\/comments?post=3775"}],"version-history":[{"count":9,"href":"https:\/\/www.reset-emotions.com\/de\/wp-json\/wp\/v2\/pages\/3775\/revisions"}],"predecessor-version":[{"id":3788,"href":"https:\/\/www.reset-emotions.com\/de\/wp-json\/wp\/v2\/pages\/3775\/revisions\/3788"}],"wp:featuredmedia":[{"embeddable":true,"href":"https:\/\/www.reset-emotions.com\/de\/wp-json\/wp\/v2\/media\/553"}],"wp:attachment":[{"href":"https:\/\/www.reset-emotions.com\/de\/wp-json\/wp\/v2\/media?parent=3775"}],"curies":[{"name":"wp","href":"https:\/\/api.w.org\/{rel}","templated":true}]}}