{"id":270,"date":"2015-02-19T17:17:23","date_gmt":"2015-02-19T16:17:23","guid":{"rendered":"http:\/\/www.reset-emotions.de\/?page_id=270"},"modified":"2026-03-08T11:11:39","modified_gmt":"2026-03-08T10:11:39","slug":"bewertungen-jin-shin-jyutsu-reset-ueber-die-finger-und-schuessler-salze-auch-online","status":"publish","type":"page","link":"https:\/\/www.reset-emotions.com\/de\/bewertungen-jin-shin-jyutsu-reset-ueber-die-finger-und-schuessler-salze-auch-online\/","title":{"rendered":"Reviews"},"content":{"rendered":"\n<p><strong><strong>Hinweis zur Behandlung mit Jin Shin Jyutsu, <strong>Dr. Sch\u00fcssler Salz Therapie<\/strong> und Reset \u00fcber die Finger.<\/strong><\/strong><\/p>\n\n\n\n<p><strong>Bewertung Monique V aus den Niederlanden, 01-03-2026<\/strong><br>\u201eDa ich mich schon l\u00e4ngere Zeit mit <a href=\"https:\/\/www.reset-emotions.com\/de\/jin-shin-jyutsu-reset-emotions-japanische-heilweise-fuer-koerperlichen-emotionellen-beschwerden\/\" type=\"page\" id=\"3775\">Jin Shin Jyutsu<\/a> besch\u00e4ftigte, war ich neugierig, wer sich sonst noch damit besch\u00e4ftigt, und so stie\u00df ich auf Marleens Website.<br>Und wie sch\u00f6n, dass sie auch auf dem Gebiet der Zellstoffe nach Dr. Sch\u00fcssler fachkundig ist. Denn danach hatte ich ebenfalls gesucht, und das fand ich bei Marleen Helena.<br>Vor allem die Kombination macht ihre Arbeit f\u00fcr mich interessant, und so nahm ich Kontakt mit ihr auf.<br>Marleen Helena wirkt wie eine fachkundige Frau. Die Entfernung war kein Problem. Letztendlich k\u00f6nnen wir heutzutage viel \u00fcber Videogespr\u00e4che erreichen, daher war ein Kontaktmoment zwischen den Niederlanden und Frankreich ideal, um online stattzufinden.<\/p>\n\n\n<div class=\"wp-block-image\">\n<figure class=\"alignright size-large is-resized\"><img decoding=\"async\" width=\"1024\" height=\"768\" src=\"https:\/\/www.reset-emotions.com\/wp-content\/uploads\/2026\/03\/2-bloemen-1024x768.jpeg\" alt=\"abstimmen\" class=\"wp-image-4356\" style=\"width:357px;height:auto\"\/><figcaption class=\"wp-element-caption\">abstimmen<\/figcaption><\/figure>\n<\/div>\n\n\n<p>Ihr Ansatz ist klar, sie gibt an, was man als Klient erwarten kann und was man zur Vorbereitung tun muss.<br>Ein gro\u00dfer Mehrwert ist, dass wir \u00fcber WhatsApp sowohl schriftlich als auch per Videoanruf in Kontakt bleiben. Marleen Helena zeigt Engagement und fragt regelm\u00e4\u00dfig nach, wie es geht und ob bereits Ver\u00e4nderungen durch die Einnahme der verschiedenen Zellzellen bemerkbar sind.<br>Dar\u00fcber hinaus ist sie nicht die Person, die so tut, als w\u00fcsste sie &#8222;alles&#8220;; bei Unsicherheiten ihrerseits gibt sie an, dass sie sich auch mit ihren Kollegen in Bezug auf meine F\u00e4lle ber\u00e4t.<br>Kurz gesagt, eine warmherzige, engagierte Frau mit einem menschlichen Ansatz und fachkundig.<br>Sch\u00f6n, dass sie in beiden Bereichen zu Hause ist. Monique V- aus den Niederlanden.<\/p>\n\n\n\n<p><strong>Review Mari\u00ebtte 13-4-2023<\/strong><\/p>\n\n\n\n<p>Vor etwa 10 Jahren hatte ich meinen ersten Kontakt mit Jin Shin Jyutsu. Eine Freundin besuchte mich, die in den USA JSJ praktiziert. Sie war es, die mir Behandlungen und Ratschl\u00e4ge zur Selbsthilfe gegeben hat. Ich habe Marleen aufgesucht, weil ich eine eingefrorene Schulter hatte und eine Behandlung zus\u00e4tzlich zur Selbsthilfe ben\u00f6tigte. Ich bin dreimal zu ihr gegangen und habe ihre Behandlungen als sehr angenehm empfunden. Sie nimmt sich Zeit, h\u00f6rt aufmerksam zu und bestimmt sorgf\u00e4ltig, welche Behandlung am besten geeignet ist. Die Schulterschmerzen haben stark nachgelassen, und dank detaillierter Anleitungen kann ich zu Hause weitermachen. JSJ ist wunderbar und ich finde, dass Marleen es wirklich sehr gut macht&#8230;..<\/p>\n\n\n\n<p><\/p>\n\n\n\n<p>Durch einen Artikel \u00fcber Fingerreflexologie wurde ich auf die Website von Marleen aufmerksam. Die Informationen auf ihrer Seite sprachen mich an, und die Entfernung zu ihrer Adresse war nicht zu gro\u00df. Anfangs nahm sie sich Zeit f\u00fcr meine pers\u00f6nliche Situation und meine Probleme und machte mich mit Fingerhaltungen aus den Jin Shin Jyutsu-Techniken vertraut. Basierend auf ihren Tests und Beobachtungen stellte sie anschlie\u00dfend eine Kombination von Sch\u00fc\u00dfler-Zelstoffen f\u00fcr mich zusammen. Danach lernte sie mir, wie ich mit meinen eigenen H\u00e4nden viele k\u00f6rperliche und geistige Prozesse positiv beeinflussen kann, mithilfe der Jin Shin Jyutsu-Techniken. Dar\u00fcber hinaus habe ich Behandlungen von Marleen erhalten, die kraftvoll und sehr beruhigend wirkten. Ich habe sie als eine integre, freundliche und empathische Person mit viel Wissen auf ihrem Fachgebiet erlebt.<\/p>\n\n\n\n<p>Ich bin ein 76-j\u00e4hriger Mann und habe in meinem Leben viel erlebt und auch nach L\u00f6sungen f\u00fcr bestimmte Probleme gesucht, von denen einige etwas geholfen haben, aber dies ist das erste Mal, dass ich mit einer All-in-Methode in Ber\u00fchrung gekommen bin, die mir tats\u00e4chlich hilft. Sowohl k\u00f6rperlich als auch geistig bin ich st\u00e4rker geworden und das Zittern meiner H\u00e4nde ist deutlich weniger geworden, und das nach einer Zeit von noch nicht einmal 3 Monaten. Ich mache also einfach weiter mit Jin Shin Jyutsu und den Sch\u00fc\u00dfler-Zellensalzen. Hans Janssens 18-11-2019<\/p>\n\n\n\n<p>Durch das Magazin Spiegelbeeld wurde ich auf Jin Shin Jyutsu (JSJ) aufmerksam gemacht, eine M\u00f6glichkeit, die eigene Gesundheit zu heilen und zu f\u00f6rdern. Es sprach mich sehr an: kosmische Energie durch den K\u00f6rper zu leiten, \u201eflie\u00dfen zu lassen\u201c, wie es hei\u00dft, \u00fcber die eigenen oder die H\u00e4nde eines Therapeuten.<br>Ich wollte gerne wissen, ob es in meiner Umgebung einen kompetenten Therapeuten gibt. So bin ich auf Marleen Persoon gesto\u00dfen. Sie verf\u00fcgt \u00fcber mehrere Disziplinen, die nahtlos aufeinander abgestimmt sind. Sie hat mich mit Jin Shin Jyutsu behandelt, erg\u00e4nzt durch die Sch\u00fc\u00dfler-Salze von Dr. Sch\u00fc\u00dfler. Man sp\u00fcrt die Energie wirklich unter ihren H\u00e4nden flie\u00dfen, und zu Hause dann die heilende Wirkung sowie die Sch\u00fc\u00dfler-Salze, die die Behandlung anschlie\u00dfend verst\u00e4rken und unterst\u00fctzen.<\/p>\n\n\n\n<p>Ich bin begeistert von dieser M\u00f6glichkeit, die Gesundheit ohne radikale Medikamente mit zu f\u00f6rdern. Sie ist eine freundliche, begeisterte und hilfsbereite Therapeutin, die auch Richtlinien und Tipps f\u00fcr die Anwendung zu Hause gibt, um sich selbst zu behandeln, was sehr gut funktioniert, besonders wenn man ernsthaft an seiner eigenen Gesundheit arbeiten m\u00f6chte. Ich bin froh, dass ich sie gefunden habe und kann sie von Herzen empfehlen! Einfach machen! Louise Saathof, 9. Juli 2019<\/p>\n\n\n<h4>Gerade erhalten von einer dankbaren Kundin vom 4.4.2018<\/h4>\n<p><img decoding=\"async\" class=\"size-medium wp-image-1289 aligncenter\" src=\"https:\/\/www.reset-emotions.nl\/wp-content\/uploads\/2018\/04\/bloemen2-300x267.jpg\" alt=\"bloemen van een cli\u00ebnte\" width=\"300\" height=\"267\" \/><\/p>\n<h4>Bewertung: David Vervoort bez\u00fcglich einer Jin Shin Jyutsu Behandlung vom 24.11.2016<\/h4>\n<p><em>Aufmerksamkeit, Engagement, Liebe zum Beruf und Fachwissen.. \u2013 ich sp\u00fcrte, wie der Schmerz irgendwann wie Schnee vor der Sonne verschwand \u2013 Danke Marleen, gute Arbeit!<\/em><\/p>\n<p><strong><u>Bewertung:\u00a0 Sohpie Stenger, Ohlstadt Juli 2016<\/u><\/strong><\/p>\n<p>M\u00f6chte mich bei Frau Marleen Persoon f\u00fcr Ihre freundliche und f\u00fcrsorgliche Betreuung und Behandlung mit <a href=\"https:\/\/www.reset-emotions.nl\/de\/jin-shin-jyutsu-reset-emotions-japanische-heilweise-fuer-koerperlichen-emotionellen-beschwerden\/\">Jin Shin Jyutsu<\/a> bei meiner Chemo recht herzlich bedanken. Freundliche Gr\u00fc\u00dfe<\/p>\n<p><strong>Reaktion von Jolanda K. 29-6-2015<\/strong><\/p>\n<p>Ich f\u00fchle mich nach deiner Behandlung wirklich so unglaublich sonnig. Wache sehr erholt auf und stehe einfach auf. Und das, obwohl ich k\u00f6rperlich doch sehr besch\u00e4ftigt bin, mit den n\u00f6tigen Kaffeepausen&#8230; unglaublich. Deine lieben Worte geben mir mehr Kraft, meinen eigenen Weg zu finden und zu gehen. Eine Schicht von mir ist wieder abgefallen. Danke dir.<\/p>\n<h4>Rezension: Geert-Jan Balvert, 4. Juni 2015<\/h4>\n<p>W\u00e4hrend meiner Sitzung bei Marleen erlebte ich, dass sie als Coach v\u00f6llig in ihrem Element ist. Ihr Auftreten ist treffsicher. Sie stellte mir die richtigen Fragen, entnahm meinen Antworten, was relevant ist, und kam schnell zum Kern der Sache. Sie suchte und fand die prim\u00e4re Emotion, die meiner Beschwerde zugrunde lag. Mit ihrer angenehmen Stimme brachte sie mich m\u00fchelos dazu, die eine oder andere Sache zu visualisieren, was zum Ablauf der Sitzung geh\u00f6rt. Ankn\u00fcpfend an etwas, das w\u00e4hrend der Sitzung zur Sprache gekommen war, wandte sie spontan eine passende gef\u00fchrte Meditation an. Nach der Sitzung stellte ich zu meiner \u00dcberraschung fest, dass meine Beschwerde verschwunden war.<\/p>\n<h4>Ein dankbarer Eindruck<\/h4>\n<p>Reaktion eines Kunden auf eine <a href=\"https:\/\/www.reset-emotions.nl\/de\/reset-ueber-die-finger\/\">Reset-Sitzung \u00fcber die Finger<\/a> 5-5-2015<\/p>\n<p><img decoding=\"async\" class=\"alignnone size-medium wp-image-359\" src=\"https:\/\/www.reset-emotions.nl\/wp-content\/uploads\/2015\/05\/Een-dankbare-impressie-2-243x300.jpg\" alt=\"Een dankbare impressie 2\" width=\"243\" height=\"300\" srcset=\"https:\/\/www.reset-emotions.com\/wp-content\/uploads\/2015\/05\/Een-dankbare-impressie-2-243x300.jpg 243w, https:\/\/www.reset-emotions.com\/wp-content\/uploads\/2015\/05\/Een-dankbare-impressie-2.jpg 637w\" sizes=\"(max-width: 243px) 100vw, 243px\" \/><\/p>\n<h4>Bewertung: Ria Dekkers Dorgelo. 19-4-2015<\/h4>\n<blockquote>\n<p>Hallo Marleen, Anfang April habe ich von dir eine Sitzung zur Fingerreflexzonenmassage erhalten. Ich bin immer noch sehr zufrieden damit. Das Aufnahmegespr\u00e4ch war gut, klar, deutlich und ernsthaft. Gemeinsam haben wir \u00fcberraschende Entdeckungen gemacht. Die Behandlung meiner Hand und Finger f\u00fchlte sich sehr gut an. Du hast mir erz\u00e4hlt, dass in meinem rechten Mittelfinger die Vergangenheit sp\u00fcrbar ist und dass die linke Hand f\u00fcr die Zukunft steht. Spannend! Du hast mir mit einer bestimmten Technik bei einem Trauma aus der Vergangenheit geholfen. Wirklich gro\u00dfartig\u2026!! Auch mit meinen Gleichgewichtsproblemen bist du sehr fachkundig umgegangen. Damit werden wir das n\u00e4chste Mal weitermachen. Das Glas Wasser neben dem Tee habe ich wirklich gebraucht :). Vielen Dank f\u00fcr diese Sitzung. Ich freue mich sehr auf die n\u00e4chste Behandlung. Bis bald, Ria Dekkers.<\/p>\n<\/blockquote>\n\n\n<blockquote class=\"wp-block-quote is-layout-flow wp-block-quote-is-layout-flow\">\n<p><\/p>\n<\/blockquote>\n","protected":false},"excerpt":{"rendered":"<p>Hinweis zur Behandlung mit Jin Shin Jyutsu, Dr. Sch\u00fcssler Salz Therapie und Reset \u00fcber die Finger. Bewertung Monique V aus den Niederlanden, 01-03-2026\u201eDa ich mich schon l\u00e4ngere Zeit mit Jin Shin Jyutsu besch\u00e4ftigte, war ich neugierig, wer sich sonst noch damit besch\u00e4ftigt, und so stie\u00df ich auf Marleens Website.Und wie sch\u00f6n, dass sie auch auf <a class=\"read-more\" href=\"https:\/\/www.reset-emotions.com\/de\/bewertungen-jin-shin-jyutsu-reset-ueber-die-finger-und-schuessler-salze-auch-online\/\">(Lees verder)<\/a><\/p>\n","protected":false},"author":2,"featured_media":1291,"parent":0,"menu_order":0,"comment_status":"closed","ping_status":"closed","template":"","meta":{"_genesis_hide_title":false,"_genesis_hide_breadcrumbs":false,"_genesis_hide_singular_image":false,"_genesis_hide_footer_widgets":false,"_genesis_custom_body_class":"","_genesis_custom_post_class":"","_genesis_layout":"","footnotes":""},"class_list":{"0":"post-270","1":"page","2":"type-page","3":"status-publish","4":"has-post-thumbnail","6":"entry"},"yoast_head":"<!-- This site is optimized with the Yoast SEO plugin v27.4 - https:\/\/yoast.com\/product\/yoast-seo-wordpress\/ -->\n<title>Jin Shin Jyutsu Beratung der Sch\u00fcssler Salze<\/title>\n<meta name=\"description\" content=\"Jin Shin Jyutsu, Beratung der Sch\u00fcssler Salze, Reset \u00fcber die Finger:Aufmerksamkeit, Engagement, Liebe zum Beruf und Fachwissen auch online\" \/>\n<meta name=\"robots\" content=\"index, follow, max-snippet:-1, max-image-preview:large, max-video-preview:-1\" \/>\n<link rel=\"canonical\" href=\"https:\/\/www.reset-emotions.com\/de\/bewertungen-jin-shin-jyutsu-reset-ueber-die-finger-und-schuessler-salze-auch-online\/\" \/>\n<meta property=\"og:locale\" content=\"de_DE\" \/>\n<meta property=\"og:type\" content=\"article\" \/>\n<meta property=\"og:title\" content=\"Jin Shin Jyutsu Beratung der Sch\u00fcssler Salze\" \/>\n<meta property=\"og:description\" content=\"Jin Shin Jyutsu, Beratung der Sch\u00fcssler Salze, Reset \u00fcber die Finger:Aufmerksamkeit, Engagement, Liebe zum Beruf und Fachwissen auch online\" \/>\n<meta property=\"og:url\" content=\"https:\/\/www.reset-emotions.com\/de\/bewertungen-jin-shin-jyutsu-reset-ueber-die-finger-und-schuessler-salze-auch-online\/\" \/>\n<meta property=\"og:site_name\" content=\"Reset Emotions\" \/>\n<meta property=\"article:modified_time\" content=\"2026-03-08T10:11:39+00:00\" \/>\n<meta property=\"og:image\" content=\"https:\/\/www.reset-emotions.com\/wp-content\/uploads\/2018\/04\/bloemen2-1024x912.jpg\" \/>\n\t<meta property=\"og:image:width\" content=\"1024\" \/>\n\t<meta property=\"og:image:height\" content=\"912\" \/>\n\t<meta property=\"og:image:type\" content=\"image\/jpeg\" \/>\n<meta name=\"twitter:label1\" content=\"Gesch\u00e4tzte Lesezeit\" \/>\n\t<meta name=\"twitter:data1\" content=\"7\u00a0Minuten\" \/>\n<script type=\"application\/ld+json\" class=\"yoast-schema-graph\">{\"@context\":\"https:\\\/\\\/schema.org\",\"@graph\":[{\"@type\":\"WebPage\",\"@id\":\"https:\\\/\\\/www.reset-emotions.com\\\/de\\\/bewertungen-jin-shin-jyutsu-reset-ueber-die-finger-und-schuessler-salze-auch-online\\\/\",\"url\":\"https:\\\/\\\/www.reset-emotions.com\\\/de\\\/bewertungen-jin-shin-jyutsu-reset-ueber-die-finger-und-schuessler-salze-auch-online\\\/\",\"name\":\"Jin Shin Jyutsu Beratung der Sch\u00fcssler Salze\",\"isPartOf\":{\"@id\":\"https:\\\/\\\/www.reset-emotions.com\\\/#website\"},\"primaryImageOfPage\":{\"@id\":\"https:\\\/\\\/www.reset-emotions.com\\\/de\\\/bewertungen-jin-shin-jyutsu-reset-ueber-die-finger-und-schuessler-salze-auch-online\\\/#primaryimage\"},\"image\":{\"@id\":\"https:\\\/\\\/www.reset-emotions.com\\\/de\\\/bewertungen-jin-shin-jyutsu-reset-ueber-die-finger-und-schuessler-salze-auch-online\\\/#primaryimage\"},\"thumbnailUrl\":\"https:\\\/\\\/www.reset-emotions.com\\\/wp-content\\\/uploads\\\/2018\\\/04\\\/bloemen2.jpg\",\"datePublished\":\"2015-02-19T16:17:23+00:00\",\"dateModified\":\"2026-03-08T10:11:39+00:00\",\"description\":\"Jin Shin Jyutsu, Beratung der Sch\u00fcssler Salze, Reset \u00fcber die Finger:Aufmerksamkeit, Engagement, Liebe zum Beruf und Fachwissen auch online\",\"breadcrumb\":{\"@id\":\"https:\\\/\\\/www.reset-emotions.com\\\/de\\\/bewertungen-jin-shin-jyutsu-reset-ueber-die-finger-und-schuessler-salze-auch-online\\\/#breadcrumb\"},\"inLanguage\":\"de\",\"potentialAction\":[{\"@type\":\"ReadAction\",\"target\":[\"https:\\\/\\\/www.reset-emotions.com\\\/de\\\/bewertungen-jin-shin-jyutsu-reset-ueber-die-finger-und-schuessler-salze-auch-online\\\/\"]}]},{\"@type\":\"ImageObject\",\"inLanguage\":\"de\",\"@id\":\"https:\\\/\\\/www.reset-emotions.com\\\/de\\\/bewertungen-jin-shin-jyutsu-reset-ueber-die-finger-und-schuessler-salze-auch-online\\\/#primaryimage\",\"url\":\"https:\\\/\\\/www.reset-emotions.com\\\/wp-content\\\/uploads\\\/2018\\\/04\\\/bloemen2.jpg\",\"contentUrl\":\"https:\\\/\\\/www.reset-emotions.com\\\/wp-content\\\/uploads\\\/2018\\\/04\\\/bloemen2.jpg\",\"width\":3880,\"height\":3456,\"caption\":\"bloemen van een cli\u00ebnte\"},{\"@type\":\"BreadcrumbList\",\"@id\":\"https:\\\/\\\/www.reset-emotions.com\\\/de\\\/bewertungen-jin-shin-jyutsu-reset-ueber-die-finger-und-schuessler-salze-auch-online\\\/#breadcrumb\",\"itemListElement\":[{\"@type\":\"ListItem\",\"position\":1,\"name\":\"Home\",\"item\":\"https:\\\/\\\/www.reset-emotions.com\\\/de\\\/\"},{\"@type\":\"ListItem\",\"position\":2,\"name\":\"Reviews\"}]},{\"@type\":\"WebSite\",\"@id\":\"https:\\\/\\\/www.reset-emotions.com\\\/#website\",\"url\":\"https:\\\/\\\/www.reset-emotions.com\\\/\",\"name\":\"Reset Emotions\",\"description\":\"\",\"potentialAction\":[{\"@type\":\"SearchAction\",\"target\":{\"@type\":\"EntryPoint\",\"urlTemplate\":\"https:\\\/\\\/www.reset-emotions.com\\\/?s={search_term_string}\"},\"query-input\":{\"@type\":\"PropertyValueSpecification\",\"valueRequired\":true,\"valueName\":\"search_term_string\"}}],\"inLanguage\":\"de\"}]}<\/script>\n<!-- \/ Yoast SEO plugin. -->","yoast_head_json":{"title":"Jin Shin Jyutsu Beratung der Sch\u00fcssler Salze","description":"Jin Shin Jyutsu, Beratung der Sch\u00fcssler Salze, Reset \u00fcber die Finger:Aufmerksamkeit, Engagement, Liebe zum Beruf und Fachwissen auch online","robots":{"index":"index","follow":"follow","max-snippet":"max-snippet:-1","max-image-preview":"max-image-preview:large","max-video-preview":"max-video-preview:-1"},"canonical":"https:\/\/www.reset-emotions.com\/de\/bewertungen-jin-shin-jyutsu-reset-ueber-die-finger-und-schuessler-salze-auch-online\/","og_locale":"de_DE","og_type":"article","og_title":"Jin Shin Jyutsu Beratung der Sch\u00fcssler Salze","og_description":"Jin Shin Jyutsu, Beratung der Sch\u00fcssler Salze, Reset \u00fcber die Finger:Aufmerksamkeit, Engagement, Liebe zum Beruf und Fachwissen auch online","og_url":"https:\/\/www.reset-emotions.com\/de\/bewertungen-jin-shin-jyutsu-reset-ueber-die-finger-und-schuessler-salze-auch-online\/","og_site_name":"Reset Emotions","article_modified_time":"2026-03-08T10:11:39+00:00","og_image":[{"width":1024,"height":912,"url":"https:\/\/www.reset-emotions.com\/wp-content\/uploads\/2018\/04\/bloemen2-1024x912.jpg","type":"image\/jpeg"}],"twitter_misc":{"Gesch\u00e4tzte Lesezeit":"7\u00a0Minuten"},"schema":{"@context":"https:\/\/schema.org","@graph":[{"@type":"WebPage","@id":"https:\/\/www.reset-emotions.com\/de\/bewertungen-jin-shin-jyutsu-reset-ueber-die-finger-und-schuessler-salze-auch-online\/","url":"https:\/\/www.reset-emotions.com\/de\/bewertungen-jin-shin-jyutsu-reset-ueber-die-finger-und-schuessler-salze-auch-online\/","name":"Jin Shin Jyutsu Beratung der Sch\u00fcssler Salze","isPartOf":{"@id":"https:\/\/www.reset-emotions.com\/#website"},"primaryImageOfPage":{"@id":"https:\/\/www.reset-emotions.com\/de\/bewertungen-jin-shin-jyutsu-reset-ueber-die-finger-und-schuessler-salze-auch-online\/#primaryimage"},"image":{"@id":"https:\/\/www.reset-emotions.com\/de\/bewertungen-jin-shin-jyutsu-reset-ueber-die-finger-und-schuessler-salze-auch-online\/#primaryimage"},"thumbnailUrl":"https:\/\/www.reset-emotions.com\/wp-content\/uploads\/2018\/04\/bloemen2.jpg","datePublished":"2015-02-19T16:17:23+00:00","dateModified":"2026-03-08T10:11:39+00:00","description":"Jin Shin Jyutsu, Beratung der Sch\u00fcssler Salze, Reset \u00fcber die Finger:Aufmerksamkeit, Engagement, Liebe zum Beruf und Fachwissen auch online","breadcrumb":{"@id":"https:\/\/www.reset-emotions.com\/de\/bewertungen-jin-shin-jyutsu-reset-ueber-die-finger-und-schuessler-salze-auch-online\/#breadcrumb"},"inLanguage":"de","potentialAction":[{"@type":"ReadAction","target":["https:\/\/www.reset-emotions.com\/de\/bewertungen-jin-shin-jyutsu-reset-ueber-die-finger-und-schuessler-salze-auch-online\/"]}]},{"@type":"ImageObject","inLanguage":"de","@id":"https:\/\/www.reset-emotions.com\/de\/bewertungen-jin-shin-jyutsu-reset-ueber-die-finger-und-schuessler-salze-auch-online\/#primaryimage","url":"https:\/\/www.reset-emotions.com\/wp-content\/uploads\/2018\/04\/bloemen2.jpg","contentUrl":"https:\/\/www.reset-emotions.com\/wp-content\/uploads\/2018\/04\/bloemen2.jpg","width":3880,"height":3456,"caption":"bloemen van een cli\u00ebnte"},{"@type":"BreadcrumbList","@id":"https:\/\/www.reset-emotions.com\/de\/bewertungen-jin-shin-jyutsu-reset-ueber-die-finger-und-schuessler-salze-auch-online\/#breadcrumb","itemListElement":[{"@type":"ListItem","position":1,"name":"Home","item":"https:\/\/www.reset-emotions.com\/de\/"},{"@type":"ListItem","position":2,"name":"Reviews"}]},{"@type":"WebSite","@id":"https:\/\/www.reset-emotions.com\/#website","url":"https:\/\/www.reset-emotions.com\/","name":"Reset Emotions","description":"","potentialAction":[{"@type":"SearchAction","target":{"@type":"EntryPoint","urlTemplate":"https:\/\/www.reset-emotions.com\/?s={search_term_string}"},"query-input":{"@type":"PropertyValueSpecification","valueRequired":true,"valueName":"search_term_string"}}],"inLanguage":"de"}]}},"_links":{"self":[{"href":"https:\/\/www.reset-emotions.com\/de\/wp-json\/wp\/v2\/pages\/270","targetHints":{"allow":["GET"]}}],"collection":[{"href":"https:\/\/www.reset-emotions.com\/de\/wp-json\/wp\/v2\/pages"}],"about":[{"href":"https:\/\/www.reset-emotions.com\/de\/wp-json\/wp\/v2\/types\/page"}],"author":[{"embeddable":true,"href":"https:\/\/www.reset-emotions.com\/de\/wp-json\/wp\/v2\/users\/2"}],"replies":[{"embeddable":true,"href":"https:\/\/www.reset-emotions.com\/de\/wp-json\/wp\/v2\/comments?post=270"}],"version-history":[{"count":55,"href":"https:\/\/www.reset-emotions.com\/de\/wp-json\/wp\/v2\/pages\/270\/revisions"}],"predecessor-version":[{"id":4380,"href":"https:\/\/www.reset-emotions.com\/de\/wp-json\/wp\/v2\/pages\/270\/revisions\/4380"}],"wp:featuredmedia":[{"embeddable":true,"href":"https:\/\/www.reset-emotions.com\/de\/wp-json\/wp\/v2\/media\/1291"}],"wp:attachment":[{"href":"https:\/\/www.reset-emotions.com\/de\/wp-json\/wp\/v2\/media?parent=270"}],"curies":[{"name":"wp","href":"https:\/\/api.w.org\/{rel}","templated":true}]}}