{"id":255,"date":"2015-02-24T16:36:48","date_gmt":"2015-02-24T15:36:48","guid":{"rendered":"http:\/\/www.reset-emotions.nl\/waar-kan-ik-u-bij-helpen-2\/"},"modified":"2026-04-19T18:18:36","modified_gmt":"2026-04-19T17:18:36","slug":"womit-kann-ich-ihnen-behilflich-sein","status":"publish","type":"page","link":"https:\/\/www.reset-emotions.com\/de\/womit-kann-ich-ihnen-behilflich-sein\/","title":{"rendered":"Womit kann ich Ihnen behilflich sein?"},"content":{"rendered":"\n<h2 class=\"wp-block-heading\">Womit kann ich Ihnen behilflich sein?<\/h2>\n\n\n\n<ul class=\"wp-block-list nummering\">\n<li><strong>Stress, Ausgebranntsein, schmerzhafte Schultern<\/strong><\/li>\n\n\n\n<li><strong>\u00c4ngste, Traumas,&nbsp; innerliche Blockaden<\/strong><\/li>\n\n\n\n<li><strong>hormonelle St\u00f6rungen<\/strong><strong>, Schmerzen, Beschwerden durch \u00dcbers\u00e4uerung,&nbsp; Wasseransammlungen, Fersensporn<\/strong><\/li>\n\n\n\n<li><strong>Besser in deiner Haut, mehr f\u00fchlen und Selbstvertrauen<\/strong><\/li>\n\n\n\n<li><strong><a href=\"https:\/\/www.reset-emotions.com\/de\/jin-shin-jyutsu-reset-emotions-japanische-heilweise-fuer-koerperlichen-emotionellen-beschwerden\/\">Jin Shin Jyutsu<\/a>, <a href=\"https:\/\/www.reset-emotions.com\/de\/dr-schuessler-salze-therapie-auch-online\/\">Zellsalztherapie nach Dr. Sch\u00fcssler<\/a>, <a href=\"https:\/\/www.reset-emotions.com\/de\/reset-ueber-die-finger\/\">Reset \u00fcber die Finger<\/a> und f\u00fcr alle Ihre Beschwerden und mehr Energie. Fragen Sie unverbindlich nach den M\u00f6glichkeiten.<\/strong><\/li>\n\n\n\n<li>Fernbehandlungen sind f\u00fcr alle Sitzungen m\u00f6glich <\/li>\n<\/ul>\n","protected":false},"excerpt":{"rendered":"","protected":false},"author":2,"featured_media":0,"parent":0,"menu_order":0,"comment_status":"closed","ping_status":"closed","template":"","meta":{"_genesis_hide_title":false,"_genesis_hide_breadcrumbs":false,"_genesis_hide_singular_image":false,"_genesis_hide_footer_widgets":false,"_genesis_custom_body_class":"","_genesis_custom_post_class":"","_genesis_layout":"","footnotes":""},"class_list":{"0":"post-255","1":"page","2":"type-page","3":"status-publish","5":"entry"},"yoast_head":"<!-- This site is optimized with the Yoast SEO plugin v27.4 - https:\/\/yoast.com\/product\/yoast-seo-wordpress\/ -->\n<title>Womit kann ich Ihnen behilflich sein?<\/title>\n<meta name=\"description\" content=\"Stress, Traumas, Ausgebrannt sein, R\u00fcckenschmerzen, hormonelle St\u00f6rungen, \u00dcbergewicht. Unterstutzung beim Chemotherapie und allerhande Beschwerden.\" \/>\n<meta name=\"robots\" content=\"index, follow, max-snippet:-1, max-image-preview:large, max-video-preview:-1\" \/>\n<link rel=\"canonical\" href=\"https:\/\/www.reset-emotions.com\/de\/womit-kann-ich-ihnen-behilflich-sein\/\" \/>\n<meta property=\"og:locale\" content=\"de_DE\" \/>\n<meta property=\"og:type\" content=\"article\" \/>\n<meta property=\"og:title\" content=\"Womit kann ich Ihnen behilflich sein?\" \/>\n<meta property=\"og:description\" content=\"Stress, Traumas, Ausgebrannt sein, R\u00fcckenschmerzen, hormonelle St\u00f6rungen, \u00dcbergewicht. Unterstutzung beim Chemotherapie und allerhande Beschwerden.\" \/>\n<meta property=\"og:url\" content=\"https:\/\/www.reset-emotions.com\/de\/womit-kann-ich-ihnen-behilflich-sein\/\" \/>\n<meta property=\"og:site_name\" content=\"Reset Emotions\" \/>\n<meta property=\"article:modified_time\" content=\"2026-04-19T17:18:36+00:00\" \/>\n<meta name=\"twitter:label1\" content=\"Gesch\u00e4tzte Lesezeit\" \/>\n\t<meta name=\"twitter:data1\" content=\"1\u00a0Minute\" \/>\n<script type=\"application\/ld+json\" class=\"yoast-schema-graph\">{\"@context\":\"https:\\\/\\\/schema.org\",\"@graph\":[{\"@type\":\"WebPage\",\"@id\":\"https:\\\/\\\/www.reset-emotions.com\\\/de\\\/womit-kann-ich-ihnen-behilflich-sein\\\/\",\"url\":\"https:\\\/\\\/www.reset-emotions.com\\\/de\\\/womit-kann-ich-ihnen-behilflich-sein\\\/\",\"name\":\"Womit kann ich Ihnen behilflich sein?\",\"isPartOf\":{\"@id\":\"https:\\\/\\\/www.reset-emotions.com\\\/#website\"},\"datePublished\":\"2015-02-24T15:36:48+00:00\",\"dateModified\":\"2026-04-19T17:18:36+00:00\",\"description\":\"Stress, Traumas, Ausgebrannt sein, R\u00fcckenschmerzen, hormonelle St\u00f6rungen, \u00dcbergewicht. Unterstutzung beim Chemotherapie und allerhande Beschwerden.\",\"breadcrumb\":{\"@id\":\"https:\\\/\\\/www.reset-emotions.com\\\/de\\\/womit-kann-ich-ihnen-behilflich-sein\\\/#breadcrumb\"},\"inLanguage\":\"de\",\"potentialAction\":[{\"@type\":\"ReadAction\",\"target\":[\"https:\\\/\\\/www.reset-emotions.com\\\/de\\\/womit-kann-ich-ihnen-behilflich-sein\\\/\"]}]},{\"@type\":\"BreadcrumbList\",\"@id\":\"https:\\\/\\\/www.reset-emotions.com\\\/de\\\/womit-kann-ich-ihnen-behilflich-sein\\\/#breadcrumb\",\"itemListElement\":[{\"@type\":\"ListItem\",\"position\":1,\"name\":\"Home\",\"item\":\"https:\\\/\\\/www.reset-emotions.com\\\/de\\\/\"},{\"@type\":\"ListItem\",\"position\":2,\"name\":\"Womit kann ich Ihnen behilflich sein?\"}]},{\"@type\":\"WebSite\",\"@id\":\"https:\\\/\\\/www.reset-emotions.com\\\/#website\",\"url\":\"https:\\\/\\\/www.reset-emotions.com\\\/\",\"name\":\"Reset Emotions\",\"description\":\"\",\"potentialAction\":[{\"@type\":\"SearchAction\",\"target\":{\"@type\":\"EntryPoint\",\"urlTemplate\":\"https:\\\/\\\/www.reset-emotions.com\\\/?s={search_term_string}\"},\"query-input\":{\"@type\":\"PropertyValueSpecification\",\"valueRequired\":true,\"valueName\":\"search_term_string\"}}],\"inLanguage\":\"de\"}]}<\/script>\n<!-- \/ Yoast SEO plugin. -->","yoast_head_json":{"title":"Womit kann ich Ihnen behilflich sein?","description":"Stress, Traumas, Ausgebrannt sein, R\u00fcckenschmerzen, hormonelle St\u00f6rungen, \u00dcbergewicht. Unterstutzung beim Chemotherapie und allerhande Beschwerden.","robots":{"index":"index","follow":"follow","max-snippet":"max-snippet:-1","max-image-preview":"max-image-preview:large","max-video-preview":"max-video-preview:-1"},"canonical":"https:\/\/www.reset-emotions.com\/de\/womit-kann-ich-ihnen-behilflich-sein\/","og_locale":"de_DE","og_type":"article","og_title":"Womit kann ich Ihnen behilflich sein?","og_description":"Stress, Traumas, Ausgebrannt sein, R\u00fcckenschmerzen, hormonelle St\u00f6rungen, \u00dcbergewicht. Unterstutzung beim Chemotherapie und allerhande Beschwerden.","og_url":"https:\/\/www.reset-emotions.com\/de\/womit-kann-ich-ihnen-behilflich-sein\/","og_site_name":"Reset Emotions","article_modified_time":"2026-04-19T17:18:36+00:00","twitter_misc":{"Gesch\u00e4tzte Lesezeit":"1\u00a0Minute"},"schema":{"@context":"https:\/\/schema.org","@graph":[{"@type":"WebPage","@id":"https:\/\/www.reset-emotions.com\/de\/womit-kann-ich-ihnen-behilflich-sein\/","url":"https:\/\/www.reset-emotions.com\/de\/womit-kann-ich-ihnen-behilflich-sein\/","name":"Womit kann ich Ihnen behilflich sein?","isPartOf":{"@id":"https:\/\/www.reset-emotions.com\/#website"},"datePublished":"2015-02-24T15:36:48+00:00","dateModified":"2026-04-19T17:18:36+00:00","description":"Stress, Traumas, Ausgebrannt sein, R\u00fcckenschmerzen, hormonelle St\u00f6rungen, \u00dcbergewicht. Unterstutzung beim Chemotherapie und allerhande Beschwerden.","breadcrumb":{"@id":"https:\/\/www.reset-emotions.com\/de\/womit-kann-ich-ihnen-behilflich-sein\/#breadcrumb"},"inLanguage":"de","potentialAction":[{"@type":"ReadAction","target":["https:\/\/www.reset-emotions.com\/de\/womit-kann-ich-ihnen-behilflich-sein\/"]}]},{"@type":"BreadcrumbList","@id":"https:\/\/www.reset-emotions.com\/de\/womit-kann-ich-ihnen-behilflich-sein\/#breadcrumb","itemListElement":[{"@type":"ListItem","position":1,"name":"Home","item":"https:\/\/www.reset-emotions.com\/de\/"},{"@type":"ListItem","position":2,"name":"Womit kann ich Ihnen behilflich sein?"}]},{"@type":"WebSite","@id":"https:\/\/www.reset-emotions.com\/#website","url":"https:\/\/www.reset-emotions.com\/","name":"Reset Emotions","description":"","potentialAction":[{"@type":"SearchAction","target":{"@type":"EntryPoint","urlTemplate":"https:\/\/www.reset-emotions.com\/?s={search_term_string}"},"query-input":{"@type":"PropertyValueSpecification","valueRequired":true,"valueName":"search_term_string"}}],"inLanguage":"de"}]}},"_links":{"self":[{"href":"https:\/\/www.reset-emotions.com\/de\/wp-json\/wp\/v2\/pages\/255","targetHints":{"allow":["GET"]}}],"collection":[{"href":"https:\/\/www.reset-emotions.com\/de\/wp-json\/wp\/v2\/pages"}],"about":[{"href":"https:\/\/www.reset-emotions.com\/de\/wp-json\/wp\/v2\/types\/page"}],"author":[{"embeddable":true,"href":"https:\/\/www.reset-emotions.com\/de\/wp-json\/wp\/v2\/users\/2"}],"replies":[{"embeddable":true,"href":"https:\/\/www.reset-emotions.com\/de\/wp-json\/wp\/v2\/comments?post=255"}],"version-history":[{"count":31,"href":"https:\/\/www.reset-emotions.com\/de\/wp-json\/wp\/v2\/pages\/255\/revisions"}],"predecessor-version":[{"id":4317,"href":"https:\/\/www.reset-emotions.com\/de\/wp-json\/wp\/v2\/pages\/255\/revisions\/4317"}],"wp:attachment":[{"href":"https:\/\/www.reset-emotions.com\/de\/wp-json\/wp\/v2\/media?parent=255"}],"curies":[{"name":"wp","href":"https:\/\/api.w.org\/{rel}","templated":true}]}}