{"id":226,"date":"2015-03-19T20:05:18","date_gmt":"2015-03-19T19:05:18","guid":{"rendered":"http:\/\/www.reset-emotions.nl\/?page_id=226"},"modified":"2026-03-03T11:56:23","modified_gmt":"2026-03-03T10:56:23","slug":"marleen-helena-persoon-jin-shin-jyusu-beraterin-der-schuessler-salze","status":"publish","type":"page","link":"https:\/\/www.reset-emotions.com\/de\/marleen-helena-persoon-jin-shin-jyusu-beraterin-der-schuessler-salze\/","title":{"rendered":"\u00dcber Marleen Persoon"},"content":{"rendered":"<p><img decoding=\"async\" class=\"alignnone size-medium wp-image-869 alignleft\" src=\"http:\/\/www.reset-emotions.nl\/wp-content\/uploads\/2015\/02\/Marleen-02-11-2016-zwart-wit-kopie-268x300.jpg\" alt=\"Marleen, Reset Emotions\" width=\"268\" height=\"300\" \/>Hallo, ich hei\u00dfe Marleen (Helena) Persoon und ich wohne seit drei Jahren in Ansac sur Vienne, France. Meine Freizeit benutze ich gerne zum Schwimmen, Wandern, Lesen und zur Zubereitung von gesundem und leckerem Essen mit Kr\u00e4utern. Ich bin empathisch, intuitiv, hellwissend, und auch eine praktisch denkende No-Nonsense Person. In verschiedenen Betrieben arbeitete ich in der Finanzabteilung. Nachdem ich meine Lehrberechtigung f\u00fcr Deutsch bekam, habe ich einige Zeit unterrichtet und\u00a0 als Finanzexpertin an der Berufsschule Mondriaan in Den Haag gearbeitet. Ich habe zwei S\u00f6hne und ich bin verheiratet.\u00a0\u00a0Schon seit 1998 besch\u00e4ftige ich mich mit pers\u00f6nlicher Entwicklung. Anfangs unter anderen durch emotionale K\u00f6rperarbeit, Kundalini Meditation und Yoga.\u00a0 Heutzutage durch\u00a0 Studien \u00fcber Hochsensibilit\u00e4t, Grenzen setzen und Bewusstsein von Mindsets, TCM\u00a0 und Jin Shin Jyutsu.<\/p>\n<p>2014 kam ich zum ersten Mal in Kontakt mit Jin Shin Yutsu.\u00a0 Ich wusste schon gleich: das ist es, das passt mir, das werde ich machen! Super, dass Jin Shin Jyutsu meinen Weg gekreutzt hat. Ich machte jeden Tag Jin Shin Yutsu. Ich kann Ihnen sagen, dass dies mein Leben vollkommen ver\u00e4ndert hat, und jeden Tag erfahre ich eine tiefe Dankbarkeit, dass ich dies tun kann. Ein Kunde sagte einmal: \u201eDu bist Jin Shin Jyutsu\u201c. Ich empfand dies als ein gro\u00dfes Kompliment. Es ist meine Lebensweise.<\/p>\n<p>Die Ausbildung in <a href=\"https:\/\/www.reset-emotions.com\/de\/jin-shin-jyutsu-reset-emotions-japanische-heilweise-fuer-koerperlichen-emotionellen-beschwerden\/\">Jin Shin Jyutsu<\/a> absolvierte ich unter anderem in Berlin, Amsterdam, Den Haag, Stuttgart und Bonn, anschlie\u00dfend folgten viele Themenkurse und Living The Art von Jin Shin Jyutsu.<\/p>\n<p>Sobald ich meine B\u00fccher \u00fcber die <a href=\"https:\/\/www.reset-emotions.com\/de\/dr-schuessler-salze-therapie-auch-online\/\">Dr Sch\u00fcssler Zellsalztherapie<\/a> nehme, werde ich unglaublich gl\u00fccklich und habe besondere Erfahrungen mit meinen Klienten.<br \/>\nModule der Zellsalztherapie und Fortbildungen absolvierte und absolviere ich am Institut f\u00fcr Zellsalztherapie. Ich bin zertifizierte Therapeutin f\u00fcr Zellsalztherapie.<br \/>\nhttps:\/\/www.celzouttherapeuten.nl\/regions\/nederland.html#zuid-holland<\/p>\n<p>F\u00fcr meine Klienten versuche ich immer vollst\u00e4ndig pr\u00e4sent zu sein und ihnen meine volle Aufmerksamkeit zu schenken. Ich nehme mir die Zeit daf\u00fcr und betrachte den Menschen als Ganzes, auf der Suche nach der zugrunde liegenden Beschwerde. Siehe auch meine Bewertungen.<\/p>\n<p><em>Hinweis: Eine Behandlung sollte als Erg\u00e4nzung zur regul\u00e4ren Gesundheitsversorgung betrachtet werden und nicht als Ersatz daf\u00fcr. Bei Beschwerden konsultieren Sie immer Ihren Arzt.<\/em><\/p>\n","protected":false},"excerpt":{"rendered":"<p>Hallo, ich hei\u00dfe Marleen (Helena) Persoon und ich wohne seit drei Jahren in Ansac sur Vienne, France. Meine Freizeit benutze ich gerne zum Schwimmen, Wandern, Lesen und zur Zubereitung von gesundem und leckerem Essen mit Kr\u00e4utern. Ich bin empathisch, intuitiv, hellwissend, und auch eine praktisch denkende No-Nonsense Person. In verschiedenen Betrieben arbeitete ich in der <a class=\"read-more\" href=\"https:\/\/www.reset-emotions.com\/de\/marleen-helena-persoon-jin-shin-jyusu-beraterin-der-schuessler-salze\/\">(Lees verder)<\/a><\/p>\n","protected":false},"author":2,"featured_media":0,"parent":0,"menu_order":0,"comment_status":"closed","ping_status":"closed","template":"","meta":{"_genesis_hide_title":false,"_genesis_hide_breadcrumbs":false,"_genesis_hide_singular_image":false,"_genesis_hide_footer_widgets":false,"_genesis_custom_body_class":"","_genesis_custom_post_class":"","_genesis_layout":"","footnotes":""},"class_list":{"0":"post-226","1":"page","2":"type-page","3":"status-publish","5":"entry","6":"has-post-thumbnail"},"yoast_head":"<!-- This site is optimized with the Yoast SEO plugin v27.4 - https:\/\/yoast.com\/product\/yoast-seo-wordpress\/ -->\n<title>\u00dcber Marleen Persoon - Reset Emotions<\/title>\n<meta name=\"description\" content=\"Marleen Helena Persoon Beraterin der Sch\u00fcssler Salze und Jin Shin Jyutsu. Ich bin empathisch, intuitiv, hellwissend, praktisch auch online\" \/>\n<meta name=\"robots\" content=\"index, follow, max-snippet:-1, max-image-preview:large, max-video-preview:-1\" \/>\n<link rel=\"canonical\" href=\"https:\/\/www.reset-emotions.com\/de\/marleen-helena-persoon-jin-shin-jyusu-beraterin-der-schuessler-salze\/\" \/>\n<meta property=\"og:locale\" content=\"de_DE\" \/>\n<meta property=\"og:type\" content=\"article\" \/>\n<meta property=\"og:title\" content=\"\u00dcber Marleen Persoon - Reset Emotions\" \/>\n<meta property=\"og:description\" content=\"Marleen Helena Persoon Beraterin der Sch\u00fcssler Salze und Jin Shin Jyutsu. Ich bin empathisch, intuitiv, hellwissend, praktisch auch online\" \/>\n<meta property=\"og:url\" content=\"https:\/\/www.reset-emotions.com\/de\/marleen-helena-persoon-jin-shin-jyusu-beraterin-der-schuessler-salze\/\" \/>\n<meta property=\"og:site_name\" content=\"Reset Emotions\" \/>\n<meta property=\"article:modified_time\" content=\"2026-03-03T10:56:23+00:00\" \/>\n<meta property=\"og:image\" content=\"http:\/\/www.reset-emotions.nl\/wp-content\/uploads\/2015\/02\/Marleen-02-11-2016-zwart-wit-kopie-268x300.jpg\" \/>\n<meta name=\"twitter:label1\" content=\"Gesch\u00e4tzte Lesezeit\" \/>\n\t<meta name=\"twitter:data1\" content=\"3\u00a0Minuten\" \/>\n<script type=\"application\/ld+json\" class=\"yoast-schema-graph\">{\"@context\":\"https:\\\/\\\/schema.org\",\"@graph\":[{\"@type\":\"WebPage\",\"@id\":\"https:\\\/\\\/www.reset-emotions.com\\\/de\\\/marleen-helena-persoon-jin-shin-jyusu-beraterin-der-schuessler-salze\\\/\",\"url\":\"https:\\\/\\\/www.reset-emotions.com\\\/de\\\/marleen-helena-persoon-jin-shin-jyusu-beraterin-der-schuessler-salze\\\/\",\"name\":\"\u00dcber Marleen Persoon - Reset Emotions\",\"isPartOf\":{\"@id\":\"https:\\\/\\\/www.reset-emotions.com\\\/#website\"},\"primaryImageOfPage\":{\"@id\":\"https:\\\/\\\/www.reset-emotions.com\\\/de\\\/marleen-helena-persoon-jin-shin-jyusu-beraterin-der-schuessler-salze\\\/#primaryimage\"},\"image\":{\"@id\":\"https:\\\/\\\/www.reset-emotions.com\\\/de\\\/marleen-helena-persoon-jin-shin-jyusu-beraterin-der-schuessler-salze\\\/#primaryimage\"},\"thumbnailUrl\":\"http:\\\/\\\/www.reset-emotions.nl\\\/wp-content\\\/uploads\\\/2015\\\/02\\\/Marleen-02-11-2016-zwart-wit-kopie-268x300.jpg\",\"datePublished\":\"2015-03-19T19:05:18+00:00\",\"dateModified\":\"2026-03-03T10:56:23+00:00\",\"description\":\"Marleen Helena Persoon Beraterin der Sch\u00fcssler Salze und Jin Shin Jyutsu. Ich bin empathisch, intuitiv, hellwissend, praktisch auch online\",\"breadcrumb\":{\"@id\":\"https:\\\/\\\/www.reset-emotions.com\\\/de\\\/marleen-helena-persoon-jin-shin-jyusu-beraterin-der-schuessler-salze\\\/#breadcrumb\"},\"inLanguage\":\"de\",\"potentialAction\":[{\"@type\":\"ReadAction\",\"target\":[\"https:\\\/\\\/www.reset-emotions.com\\\/de\\\/marleen-helena-persoon-jin-shin-jyusu-beraterin-der-schuessler-salze\\\/\"]}]},{\"@type\":\"ImageObject\",\"inLanguage\":\"de\",\"@id\":\"https:\\\/\\\/www.reset-emotions.com\\\/de\\\/marleen-helena-persoon-jin-shin-jyusu-beraterin-der-schuessler-salze\\\/#primaryimage\",\"url\":\"http:\\\/\\\/www.reset-emotions.nl\\\/wp-content\\\/uploads\\\/2015\\\/02\\\/Marleen-02-11-2016-zwart-wit-kopie-268x300.jpg\",\"contentUrl\":\"http:\\\/\\\/www.reset-emotions.nl\\\/wp-content\\\/uploads\\\/2015\\\/02\\\/Marleen-02-11-2016-zwart-wit-kopie-268x300.jpg\"},{\"@type\":\"BreadcrumbList\",\"@id\":\"https:\\\/\\\/www.reset-emotions.com\\\/de\\\/marleen-helena-persoon-jin-shin-jyusu-beraterin-der-schuessler-salze\\\/#breadcrumb\",\"itemListElement\":[{\"@type\":\"ListItem\",\"position\":1,\"name\":\"Home\",\"item\":\"https:\\\/\\\/www.reset-emotions.com\\\/de\\\/\"},{\"@type\":\"ListItem\",\"position\":2,\"name\":\"\u00dcber Marleen Persoon\"}]},{\"@type\":\"WebSite\",\"@id\":\"https:\\\/\\\/www.reset-emotions.com\\\/#website\",\"url\":\"https:\\\/\\\/www.reset-emotions.com\\\/\",\"name\":\"Reset Emotions\",\"description\":\"\",\"potentialAction\":[{\"@type\":\"SearchAction\",\"target\":{\"@type\":\"EntryPoint\",\"urlTemplate\":\"https:\\\/\\\/www.reset-emotions.com\\\/?s={search_term_string}\"},\"query-input\":{\"@type\":\"PropertyValueSpecification\",\"valueRequired\":true,\"valueName\":\"search_term_string\"}}],\"inLanguage\":\"de\"}]}<\/script>\n<!-- \/ Yoast SEO plugin. -->","yoast_head_json":{"title":"\u00dcber Marleen Persoon - Reset Emotions","description":"Marleen Helena Persoon Beraterin der Sch\u00fcssler Salze und Jin Shin Jyutsu. Ich bin empathisch, intuitiv, hellwissend, praktisch auch online","robots":{"index":"index","follow":"follow","max-snippet":"max-snippet:-1","max-image-preview":"max-image-preview:large","max-video-preview":"max-video-preview:-1"},"canonical":"https:\/\/www.reset-emotions.com\/de\/marleen-helena-persoon-jin-shin-jyusu-beraterin-der-schuessler-salze\/","og_locale":"de_DE","og_type":"article","og_title":"\u00dcber Marleen Persoon - Reset Emotions","og_description":"Marleen Helena Persoon Beraterin der Sch\u00fcssler Salze und Jin Shin Jyutsu. Ich bin empathisch, intuitiv, hellwissend, praktisch auch online","og_url":"https:\/\/www.reset-emotions.com\/de\/marleen-helena-persoon-jin-shin-jyusu-beraterin-der-schuessler-salze\/","og_site_name":"Reset Emotions","article_modified_time":"2026-03-03T10:56:23+00:00","og_image":[{"url":"http:\/\/www.reset-emotions.nl\/wp-content\/uploads\/2015\/02\/Marleen-02-11-2016-zwart-wit-kopie-268x300.jpg","type":"","width":"","height":""}],"twitter_misc":{"Gesch\u00e4tzte Lesezeit":"3\u00a0Minuten"},"schema":{"@context":"https:\/\/schema.org","@graph":[{"@type":"WebPage","@id":"https:\/\/www.reset-emotions.com\/de\/marleen-helena-persoon-jin-shin-jyusu-beraterin-der-schuessler-salze\/","url":"https:\/\/www.reset-emotions.com\/de\/marleen-helena-persoon-jin-shin-jyusu-beraterin-der-schuessler-salze\/","name":"\u00dcber Marleen Persoon - Reset Emotions","isPartOf":{"@id":"https:\/\/www.reset-emotions.com\/#website"},"primaryImageOfPage":{"@id":"https:\/\/www.reset-emotions.com\/de\/marleen-helena-persoon-jin-shin-jyusu-beraterin-der-schuessler-salze\/#primaryimage"},"image":{"@id":"https:\/\/www.reset-emotions.com\/de\/marleen-helena-persoon-jin-shin-jyusu-beraterin-der-schuessler-salze\/#primaryimage"},"thumbnailUrl":"http:\/\/www.reset-emotions.nl\/wp-content\/uploads\/2015\/02\/Marleen-02-11-2016-zwart-wit-kopie-268x300.jpg","datePublished":"2015-03-19T19:05:18+00:00","dateModified":"2026-03-03T10:56:23+00:00","description":"Marleen Helena Persoon Beraterin der Sch\u00fcssler Salze und Jin Shin Jyutsu. Ich bin empathisch, intuitiv, hellwissend, praktisch auch online","breadcrumb":{"@id":"https:\/\/www.reset-emotions.com\/de\/marleen-helena-persoon-jin-shin-jyusu-beraterin-der-schuessler-salze\/#breadcrumb"},"inLanguage":"de","potentialAction":[{"@type":"ReadAction","target":["https:\/\/www.reset-emotions.com\/de\/marleen-helena-persoon-jin-shin-jyusu-beraterin-der-schuessler-salze\/"]}]},{"@type":"ImageObject","inLanguage":"de","@id":"https:\/\/www.reset-emotions.com\/de\/marleen-helena-persoon-jin-shin-jyusu-beraterin-der-schuessler-salze\/#primaryimage","url":"http:\/\/www.reset-emotions.nl\/wp-content\/uploads\/2015\/02\/Marleen-02-11-2016-zwart-wit-kopie-268x300.jpg","contentUrl":"http:\/\/www.reset-emotions.nl\/wp-content\/uploads\/2015\/02\/Marleen-02-11-2016-zwart-wit-kopie-268x300.jpg"},{"@type":"BreadcrumbList","@id":"https:\/\/www.reset-emotions.com\/de\/marleen-helena-persoon-jin-shin-jyusu-beraterin-der-schuessler-salze\/#breadcrumb","itemListElement":[{"@type":"ListItem","position":1,"name":"Home","item":"https:\/\/www.reset-emotions.com\/de\/"},{"@type":"ListItem","position":2,"name":"\u00dcber Marleen Persoon"}]},{"@type":"WebSite","@id":"https:\/\/www.reset-emotions.com\/#website","url":"https:\/\/www.reset-emotions.com\/","name":"Reset Emotions","description":"","potentialAction":[{"@type":"SearchAction","target":{"@type":"EntryPoint","urlTemplate":"https:\/\/www.reset-emotions.com\/?s={search_term_string}"},"query-input":{"@type":"PropertyValueSpecification","valueRequired":true,"valueName":"search_term_string"}}],"inLanguage":"de"}]}},"_links":{"self":[{"href":"https:\/\/www.reset-emotions.com\/de\/wp-json\/wp\/v2\/pages\/226","targetHints":{"allow":["GET"]}}],"collection":[{"href":"https:\/\/www.reset-emotions.com\/de\/wp-json\/wp\/v2\/pages"}],"about":[{"href":"https:\/\/www.reset-emotions.com\/de\/wp-json\/wp\/v2\/types\/page"}],"author":[{"embeddable":true,"href":"https:\/\/www.reset-emotions.com\/de\/wp-json\/wp\/v2\/users\/2"}],"replies":[{"embeddable":true,"href":"https:\/\/www.reset-emotions.com\/de\/wp-json\/wp\/v2\/comments?post=226"}],"version-history":[{"count":12,"href":"https:\/\/www.reset-emotions.com\/de\/wp-json\/wp\/v2\/pages\/226\/revisions"}],"predecessor-version":[{"id":4334,"href":"https:\/\/www.reset-emotions.com\/de\/wp-json\/wp\/v2\/pages\/226\/revisions\/4334"}],"wp:attachment":[{"href":"https:\/\/www.reset-emotions.com\/de\/wp-json\/wp\/v2\/media?parent=226"}],"curies":[{"name":"wp","href":"https:\/\/api.w.org\/{rel}","templated":true}]}}