{"id":10,"date":"2014-11-07T21:29:02","date_gmt":"2014-11-07T21:29:02","guid":{"rendered":"http:\/\/reset-emotions.dev\/?page_id=10"},"modified":"2026-04-19T18:24:57","modified_gmt":"2026-04-19T17:24:57","slug":"welkom-op-website","status":"publish","type":"page","link":"https:\/\/www.reset-emotions.com\/de\/","title":{"rendered":"Willkommen auf meiner Website!"},"content":{"rendered":"\n<p>Bei Reset Emotions, Ansac-sur-Vienne, das liegt in der Charente in Frankreich, sind Sie willkommen zu<\/p>\n\n\n\n<ul class=\"wp-block-list\">\n<li><a href=\"https:\/\/www.reset-emotions.com\/de\/dr-schuessler-salze-therapie-auch-online\/\" type=\"page\" id=\"3815\">Sch\u00fcssler Salze Therapie<\/a><\/li>\n\n\n\n<li><strong><a href=\"https:\/\/www.reset-emotions.com\/de\/jin-shin-jyutsu-reset-emotions-japanische-heilweise-fuer-koerperlichen-emotionellen-beschwerden\/\" type=\"page\" id=\"3775\">Jin Shin Jyutsu\u00ae <\/a><\/strong><\/li>\n\n\n\n<li><strong><a href=\"https:\/\/www.reset-emotions.com\/de\/reset-ueber-die-finger\/\" type=\"page\" id=\"3808\">Reset \u00fcber die Finger<\/a><\/strong><\/li>\n\n\n\n<li><a href=\"https:\/\/www.reset-emotions.com\/de\/channeln-und-clearing-reset-mit-gerard-balvert\/\" type=\"page\" id=\"4036\">Channeln mit G\u00e9rard<\/a><\/li>\n<\/ul>\n\n\n\n<p>Fernbehandlung ist auch m\u00f6glich f\u00fcr alle Sitzungen!<\/p>\n\n\n\n<p><em>W\u00e4hlen Sie, was zu Ihnen passt! Welche Behandlung spricht Sie am meisten an?<\/em><\/p>\n\n\n\n<p>Blockierende Emotionen liegen der Basis aller \u201eSt\u00f6rungen\u201c von K\u00f6rper und Geist zugrunde.&nbsp; <a href=\"https:\/\/www.reset-emotions.nl\/blokkerende-emoties-loslaten\/\">Blokkerende Emoties<\/a> sind Emotionen wie Angst, Sorgen, Traurigkeit, Wut, Vort\u00e4uschung, an denen man st\u00e4ndig leidet. Es ist allgemein bekannt, dass blockierende Emotionen die Grundlage unserer Gesundheitsprobleme bilden. Der K\u00f6rper ist sehr intelligent. Alles, was du jemals erlebt hast, ist im K\u00f6rper gespeichert, bis in die Zellen hinein.<\/p>\n\n\n\n<h5 class=\"wp-block-heading\">&nbsp;<strong><figure><img decoding=\"async\" width=\"279\" height=\"185\" class=\"alignnone wp-image-109\" src=\"http:\/\/www.reset-emotions.nl\/wp-content\/uploads\/2014\/11\/emotionspijl-300x200.jpg\" alt=\"\"><\/figure>&nbsp;<\/strong><\/h5>\n\n\n\n<p>Erleben Sie den Unterschied und <a href=\"https:\/\/www.reset-emotions.com\/de\/contact\/\" type=\"page\" id=\"267\">buche eine Sitzung<\/a><strong>: <\/strong>Sch\u00fcssler Salze Therapie, Jin Shin Jyutsu\u00ae oder Reset \u00fcber die Finger. &nbsp;<\/p>\n\n\n<div class=\"wp-block-image size-full wp-image-400\">\n<figure class=\"aligncenter\"><img decoding=\"async\" width=\"399\" height=\"211\" src=\"http:\/\/www.reset-emotions.nl\/wp-content\/uploads\/2014\/11\/vingers-met-tekstvlak-voor-website-e1442061447568.jpg\" alt=\"E-Book vingerreflexologie\" class=\"wp-image-400\"\/><figcaption class=\"wp-element-caption\"><strong>Kostenloses E-Book Jin Shin Jyutsu<\/strong><\/figcaption><\/figure>\n<\/div>\n\n\n<p>Sie erhalten das kostenlose E-Book, wenn Sie sich f\u00fcr den Newsletter auf meiner Website anmelden. Wenn Sie das E-Book in einer anderen Sprache w\u00fcnschen, schicken Sie mir einfach eine E-Mail \u00fcber die Website und ich werde Ihnen die \u00dcbersetzung zusenden.<\/p>\n\n\n\n<p>Melden Sie sich f\u00fcr den trendigen Newsletter an f\u00fcr n\u00fctzliche Tipps zu Jin Shin Jyutsu und Zellsalztherapie!<\/p>\n\n\n\n<h2 class=\"wp-block-heading\">Womit kann ich Ihnen behilflich sein?<\/h2>\n\n\n\n<ul class=\"wp-block-list nummering\">\n<li><strong>Stress, Ausgebranntsein, schmerzhafte Schultern<\/strong><\/li>\n\n\n\n<li><strong>\u00c4ngste, Traumas,&nbsp; innerliche Blockaden<\/strong><\/li>\n\n\n\n<li><strong>hormonelle St\u00f6rungen<\/strong><strong>, Schmerzen, Beschwerden durch \u00dcbers\u00e4uerung,&nbsp; Wasseransammlungen, Fersensporn<\/strong><\/li>\n\n\n\n<li><strong>Besser in deiner Haut, mehr f\u00fchlen und Selbstvertrauen<\/strong><\/li>\n\n\n\n<li><strong><a href=\"https:\/\/www.reset-emotions.com\/de\/jin-shin-jyutsu-reset-emotions-japanische-heilweise-fuer-koerperlichen-emotionellen-beschwerden\/\">Jin Shin Jyutsu<\/a>, <a href=\"https:\/\/www.reset-emotions.com\/de\/dr-schuessler-salze-therapie-auch-online\/\">Zellsalztherapie nach Dr. Sch\u00fcssler<\/a>, <a href=\"https:\/\/www.reset-emotions.com\/de\/reset-ueber-die-finger\/\">Reset \u00fcber die Finger<\/a> und f\u00fcr alle Ihre Beschwerden und mehr Energie. Fragen Sie unverbindlich nach den M\u00f6glichkeiten.<\/strong><\/li>\n\n\n\n<li>Fernbehandlungen sind f\u00fcr alle Sitzungen m\u00f6glich <\/li>\n<\/ul>\n","protected":false},"excerpt":{"rendered":"<p>Bei Reset Emotions, Ansac-sur-Vienne, das liegt in der Charente in Frankreich, sind Sie willkommen zu Fernbehandlung ist auch m\u00f6glich f\u00fcr alle Sitzungen! W\u00e4hlen Sie, was zu Ihnen passt! Welche Behandlung spricht Sie am meisten an? Blockierende Emotionen liegen der Basis aller \u201eSt\u00f6rungen\u201c von K\u00f6rper und Geist zugrunde.&nbsp; Blokkerende Emoties sind Emotionen wie Angst, Sorgen, Traurigkeit, <a class=\"read-more\" href=\"https:\/\/www.reset-emotions.com\/de\/\">(Lees verder)<\/a><\/p>\n","protected":false},"author":2,"featured_media":401,"parent":0,"menu_order":0,"comment_status":"open","ping_status":"open","template":"","meta":{"_genesis_hide_title":false,"_genesis_hide_breadcrumbs":false,"_genesis_hide_singular_image":false,"_genesis_hide_footer_widgets":false,"_genesis_custom_body_class":"","_genesis_custom_post_class":"","_genesis_layout":"full-width-content","footnotes":""},"class_list":{"0":"post-10","1":"page","2":"type-page","3":"status-publish","4":"has-post-thumbnail","6":"entry"},"yoast_head":"<!-- This site is optimized with the Yoast SEO plugin v27.4 - https:\/\/yoast.com\/product\/yoast-seo-wordpress\/ -->\n<title>Jin Shin Jyutsu und Dr Sch\u00fcssler Zellsalztherapie, auch Fernbehandlung und online<\/title>\n<meta name=\"description\" content=\"Dr Sch\u00fcssler Zellsalztherapie und Jin Shin Jyutsu\u00ae Erleben Sie den Unterschied! auch Fernbehandlung und online\" \/>\n<meta name=\"robots\" content=\"index, follow, max-snippet:-1, max-image-preview:large, max-video-preview:-1\" \/>\n<link rel=\"canonical\" href=\"https:\/\/www.reset-emotions.com\/de\/\" \/>\n<meta property=\"og:locale\" content=\"de_DE\" \/>\n<meta property=\"og:type\" content=\"article\" \/>\n<meta property=\"og:title\" content=\"Jin Shin Jyutsu und Dr Sch\u00fcssler Zellsalztherapie, auch Fernbehandlung und online\" \/>\n<meta property=\"og:description\" content=\"Dr Sch\u00fcssler Zellsalztherapie und Jin Shin Jyutsu\u00ae Erleben Sie den Unterschied! auch Fernbehandlung und online\" \/>\n<meta property=\"og:url\" content=\"https:\/\/www.reset-emotions.com\/de\/\" \/>\n<meta property=\"og:site_name\" content=\"Reset Emotions\" \/>\n<meta property=\"article:modified_time\" content=\"2026-04-19T17:24:57+00:00\" \/>\n<meta property=\"og:image\" content=\"https:\/\/www.reset-emotions.com\/wp-content\/uploads\/2014\/11\/vingers-met-tekstvlak-voor-website-e1442061447568.jpg\" \/>\n\t<meta property=\"og:image:width\" content=\"399\" \/>\n\t<meta property=\"og:image:height\" content=\"211\" \/>\n\t<meta property=\"og:image:type\" content=\"image\/jpeg\" \/>\n<meta name=\"twitter:label1\" content=\"Gesch\u00e4tzte Lesezeit\" \/>\n\t<meta name=\"twitter:data1\" content=\"2\u00a0Minuten\" \/>\n<script type=\"application\/ld+json\" class=\"yoast-schema-graph\">{\"@context\":\"https:\\\/\\\/schema.org\",\"@graph\":[{\"@type\":\"WebPage\",\"@id\":\"https:\\\/\\\/www.reset-emotions.com\\\/de\\\/\",\"url\":\"https:\\\/\\\/www.reset-emotions.com\\\/de\\\/\",\"name\":\"Jin Shin Jyutsu und Dr Sch\u00fcssler Zellsalztherapie, auch Fernbehandlung und online\",\"isPartOf\":{\"@id\":\"https:\\\/\\\/www.reset-emotions.com\\\/#website\"},\"primaryImageOfPage\":{\"@id\":\"https:\\\/\\\/www.reset-emotions.com\\\/de\\\/#primaryimage\"},\"image\":{\"@id\":\"https:\\\/\\\/www.reset-emotions.com\\\/de\\\/#primaryimage\"},\"thumbnailUrl\":\"https:\\\/\\\/www.reset-emotions.com\\\/wp-content\\\/uploads\\\/2014\\\/11\\\/vingers-met-tekstvlak-voor-website-e1442061447568.jpg\",\"datePublished\":\"2014-11-07T21:29:02+00:00\",\"dateModified\":\"2026-04-19T17:24:57+00:00\",\"description\":\"Dr Sch\u00fcssler Zellsalztherapie und Jin Shin Jyutsu\u00ae Erleben Sie den Unterschied! auch Fernbehandlung und online\",\"breadcrumb\":{\"@id\":\"https:\\\/\\\/www.reset-emotions.com\\\/de\\\/#breadcrumb\"},\"inLanguage\":\"de\",\"potentialAction\":[{\"@type\":\"ReadAction\",\"target\":[\"https:\\\/\\\/www.reset-emotions.com\\\/de\\\/\"]}]},{\"@type\":\"ImageObject\",\"inLanguage\":\"de\",\"@id\":\"https:\\\/\\\/www.reset-emotions.com\\\/de\\\/#primaryimage\",\"url\":\"https:\\\/\\\/www.reset-emotions.com\\\/wp-content\\\/uploads\\\/2014\\\/11\\\/vingers-met-tekstvlak-voor-website-e1442061447568.jpg\",\"contentUrl\":\"https:\\\/\\\/www.reset-emotions.com\\\/wp-content\\\/uploads\\\/2014\\\/11\\\/vingers-met-tekstvlak-voor-website-e1442061447568.jpg\",\"width\":399,\"height\":211,\"caption\":\"Happy group of finger smileys communicate with each other\"},{\"@type\":\"BreadcrumbList\",\"@id\":\"https:\\\/\\\/www.reset-emotions.com\\\/de\\\/#breadcrumb\",\"itemListElement\":[{\"@type\":\"ListItem\",\"position\":1,\"name\":\"Home\",\"item\":\"https:\\\/\\\/www.reset-emotions.com\\\/de\\\/\"},{\"@type\":\"ListItem\",\"position\":2,\"name\":\"Willkommen auf meiner Website!\"}]},{\"@type\":\"WebSite\",\"@id\":\"https:\\\/\\\/www.reset-emotions.com\\\/#website\",\"url\":\"https:\\\/\\\/www.reset-emotions.com\\\/\",\"name\":\"Reset Emotions\",\"description\":\"\",\"potentialAction\":[{\"@type\":\"SearchAction\",\"target\":{\"@type\":\"EntryPoint\",\"urlTemplate\":\"https:\\\/\\\/www.reset-emotions.com\\\/?s={search_term_string}\"},\"query-input\":{\"@type\":\"PropertyValueSpecification\",\"valueRequired\":true,\"valueName\":\"search_term_string\"}}],\"inLanguage\":\"de\"}]}<\/script>\n<!-- \/ Yoast SEO plugin. -->","yoast_head_json":{"title":"Jin Shin Jyutsu und Dr Sch\u00fcssler Zellsalztherapie, auch Fernbehandlung und online","description":"Dr Sch\u00fcssler Zellsalztherapie und Jin Shin Jyutsu\u00ae Erleben Sie den Unterschied! auch Fernbehandlung und online","robots":{"index":"index","follow":"follow","max-snippet":"max-snippet:-1","max-image-preview":"max-image-preview:large","max-video-preview":"max-video-preview:-1"},"canonical":"https:\/\/www.reset-emotions.com\/de\/","og_locale":"de_DE","og_type":"article","og_title":"Jin Shin Jyutsu und Dr Sch\u00fcssler Zellsalztherapie, auch Fernbehandlung und online","og_description":"Dr Sch\u00fcssler Zellsalztherapie und Jin Shin Jyutsu\u00ae Erleben Sie den Unterschied! auch Fernbehandlung und online","og_url":"https:\/\/www.reset-emotions.com\/de\/","og_site_name":"Reset Emotions","article_modified_time":"2026-04-19T17:24:57+00:00","og_image":[{"width":399,"height":211,"url":"https:\/\/www.reset-emotions.com\/wp-content\/uploads\/2014\/11\/vingers-met-tekstvlak-voor-website-e1442061447568.jpg","type":"image\/jpeg"}],"twitter_misc":{"Gesch\u00e4tzte Lesezeit":"2\u00a0Minuten"},"schema":{"@context":"https:\/\/schema.org","@graph":[{"@type":"WebPage","@id":"https:\/\/www.reset-emotions.com\/de\/","url":"https:\/\/www.reset-emotions.com\/de\/","name":"Jin Shin Jyutsu und Dr Sch\u00fcssler Zellsalztherapie, auch Fernbehandlung und online","isPartOf":{"@id":"https:\/\/www.reset-emotions.com\/#website"},"primaryImageOfPage":{"@id":"https:\/\/www.reset-emotions.com\/de\/#primaryimage"},"image":{"@id":"https:\/\/www.reset-emotions.com\/de\/#primaryimage"},"thumbnailUrl":"https:\/\/www.reset-emotions.com\/wp-content\/uploads\/2014\/11\/vingers-met-tekstvlak-voor-website-e1442061447568.jpg","datePublished":"2014-11-07T21:29:02+00:00","dateModified":"2026-04-19T17:24:57+00:00","description":"Dr Sch\u00fcssler Zellsalztherapie und Jin Shin Jyutsu\u00ae Erleben Sie den Unterschied! auch Fernbehandlung und online","breadcrumb":{"@id":"https:\/\/www.reset-emotions.com\/de\/#breadcrumb"},"inLanguage":"de","potentialAction":[{"@type":"ReadAction","target":["https:\/\/www.reset-emotions.com\/de\/"]}]},{"@type":"ImageObject","inLanguage":"de","@id":"https:\/\/www.reset-emotions.com\/de\/#primaryimage","url":"https:\/\/www.reset-emotions.com\/wp-content\/uploads\/2014\/11\/vingers-met-tekstvlak-voor-website-e1442061447568.jpg","contentUrl":"https:\/\/www.reset-emotions.com\/wp-content\/uploads\/2014\/11\/vingers-met-tekstvlak-voor-website-e1442061447568.jpg","width":399,"height":211,"caption":"Happy group of finger smileys communicate with each other"},{"@type":"BreadcrumbList","@id":"https:\/\/www.reset-emotions.com\/de\/#breadcrumb","itemListElement":[{"@type":"ListItem","position":1,"name":"Home","item":"https:\/\/www.reset-emotions.com\/de\/"},{"@type":"ListItem","position":2,"name":"Willkommen auf meiner Website!"}]},{"@type":"WebSite","@id":"https:\/\/www.reset-emotions.com\/#website","url":"https:\/\/www.reset-emotions.com\/","name":"Reset Emotions","description":"","potentialAction":[{"@type":"SearchAction","target":{"@type":"EntryPoint","urlTemplate":"https:\/\/www.reset-emotions.com\/?s={search_term_string}"},"query-input":{"@type":"PropertyValueSpecification","valueRequired":true,"valueName":"search_term_string"}}],"inLanguage":"de"}]}},"_links":{"self":[{"href":"https:\/\/www.reset-emotions.com\/de\/wp-json\/wp\/v2\/pages\/10","targetHints":{"allow":["GET"]}}],"collection":[{"href":"https:\/\/www.reset-emotions.com\/de\/wp-json\/wp\/v2\/pages"}],"about":[{"href":"https:\/\/www.reset-emotions.com\/de\/wp-json\/wp\/v2\/types\/page"}],"author":[{"embeddable":true,"href":"https:\/\/www.reset-emotions.com\/de\/wp-json\/wp\/v2\/users\/2"}],"replies":[{"embeddable":true,"href":"https:\/\/www.reset-emotions.com\/de\/wp-json\/wp\/v2\/comments?post=10"}],"version-history":[{"count":42,"href":"https:\/\/www.reset-emotions.com\/de\/wp-json\/wp\/v2\/pages\/10\/revisions"}],"predecessor-version":[{"id":4489,"href":"https:\/\/www.reset-emotions.com\/de\/wp-json\/wp\/v2\/pages\/10\/revisions\/4489"}],"wp:featuredmedia":[{"embeddable":true,"href":"https:\/\/www.reset-emotions.com\/de\/wp-json\/wp\/v2\/media\/401"}],"wp:attachment":[{"href":"https:\/\/www.reset-emotions.com\/de\/wp-json\/wp\/v2\/media?parent=10"}],"curies":[{"name":"wp","href":"https:\/\/api.w.org\/{rel}","templated":true}]}}